{"id":228,"date":"2020-09-21T21:48:31","date_gmt":"2020-09-22T00:48:31","guid":{"rendered":"http:\/\/metalsoft.com.br\/?page_id=228"},"modified":"2020-09-26T17:57:36","modified_gmt":"2020-09-26T20:57:36","slug":"cases","status":"publish","type":"page","link":"https:\/\/metalsoft.com.br\/metalsoft\/cases\/","title":{"rendered":"Cases"},"content":{"rendered":"\t\t<div data-elementor-type=\"wp-page\" data-elementor-id=\"228\" class=\"elementor elementor-228\" data-elementor-settings=\"[]\">\n\t\t\t\t\t\t<div class=\"elementor-inner\">\n\t\t\t\t\t\t\t<div class=\"elementor-section-wrap\">\n\t\t\t\t\t\t\t<section class=\"elementor-section elementor-top-section elementor-element elementor-element-4513692 elementor-section-boxed elementor-section-height-default elementor-section-height-default\" data-id=\"4513692\" data-element_type=\"section\">\n\t\t\t\t\t\t<div class=\"elementor-container elementor-column-gap-default\">\n\t\t\t\t\t\t\t<div class=\"elementor-row\">\n\t\t\t\t\t<div class=\"elementor-column elementor-col-100 elementor-top-column elementor-element elementor-element-679c4e9\" data-id=\"679c4e9\" data-element_type=\"column\">\n\t\t\t<div class=\"elementor-column-wrap elementor-element-populated\">\n\t\t\t\t\t\t\t<div class=\"elementor-widget-wrap\">\n\t\t\t\t\t\t<div class=\"elementor-element elementor-element-21c7640 hr-pre-title elementor-widget-divider--view-line elementor-widget elementor-widget-divider\" data-id=\"21c7640\" data-element_type=\"widget\" data-widget_type=\"divider.default\">\n\t\t\t\t<div class=\"elementor-widget-container\">\n\t\t\t\t\t<div class=\"elementor-divider\">\n\t\t\t<span class=\"elementor-divider-separator\">\n\t\t\t\t\t\t<\/span>\n\t\t<\/div>\n\t\t\t\t<\/div>\n\t\t\t\t<\/div>\n\t\t\t\t<div class=\"elementor-element elementor-element-d0db332 pre-title elementor-widget elementor-widget-text-editor\" data-id=\"d0db332\" data-element_type=\"widget\" data-widget_type=\"text-editor.default\">\n\t\t\t\t<div class=\"elementor-widget-container\">\n\t\t\t\t\t\t\t\t<div class=\"elementor-text-editor elementor-clearfix\">\n\t\t\t\t\t<p>NOSSOS CLIENTES<\/p>\t\t\t\t\t<\/div>\n\t\t\t\t\t\t<\/div>\n\t\t\t\t<\/div>\n\t\t\t\t<div class=\"elementor-element elementor-element-020145e elementor-widget elementor-widget-heading\" data-id=\"020145e\" data-element_type=\"widget\" data-widget_type=\"heading.default\">\n\t\t\t\t<div class=\"elementor-widget-container\">\n\t\t\t<h1 class=\"elementor-heading-title elementor-size-default\">Confira os casos de sucesso da Metalsoft<\/h1>\t\t<\/div>\n\t\t\t\t<\/div>\n\t\t\t\t<div class=\"elementor-element elementor-element-fbc1ce5 elementor-widget elementor-widget-text-editor\" data-id=\"fbc1ce5\" data-element_type=\"widget\" data-widget_type=\"text-editor.default\">\n\t\t\t\t<div class=\"elementor-widget-container\">\n\t\t\t\t\t\t\t\t<div class=\"elementor-text-editor elementor-clearfix\">\n\t\t\t\t\t<p>Nossa solu\u00e7\u00e3o se adapta ao seu neg\u00f3cio, trazendo automa\u00e7\u00e3o e resultado em pouco tempo. Confira o que j\u00e1 fizemos por nossos clientes<\/p>\t\t\t\t\t<\/div>\n\t\t\t\t\t\t<\/div>\n\t\t\t\t<\/div>\n\t\t\t\t\t\t<\/div>\n\t\t\t\t\t<\/div>\n\t\t<\/div>\n\t\t\t\t\t\t\t\t<\/div>\n\t\t\t\t\t<\/div>\n\t\t<\/section>\n\t\t\t\t<section class=\"elementor-section elementor-top-section elementor-element elementor-element-9674f78 elementor-section-full_width elementor-section-height-default elementor-section-height-default\" data-id=\"9674f78\" data-element_type=\"section\" id=\"box-cases-internal\">\n\t\t\t\t\t\t<div class=\"elementor-container elementor-column-gap-default\">\n\t\t\t\t\t\t\t<div class=\"elementor-row\">\n\t\t\t\t\t<div class=\"elementor-column elementor-col-100 elementor-top-column elementor-element elementor-element-9ea6357\" data-id=\"9ea6357\" data-element_type=\"column\">\n\t\t\t<div class=\"elementor-column-wrap elementor-element-populated\">\n\t\t\t\t\t\t\t<div class=\"elementor-widget-wrap\">\n\t\t\t\t\t\t<div class=\"elementor-element elementor-element-a7c69f5 elementor-widget elementor-widget-shortcode\" data-id=\"a7c69f5\" data-element_type=\"widget\" data-widget_type=\"shortcode.default\">\n\t\t\t\t<div class=\"elementor-widget-container\">\n\t\t\t\t\t<div class=\"elementor-shortcode\">\n            <div class=\"grid\" data-masonry='{ \"itemSelector\": \".grid-item\" }'>\n\n            <div class=\"grid-item\"><a href=\"https:\/\/metalsoft.com.br\/metalsoft\/sistema-neti-siderurgia-gera-reducao-de-custo-de-80\/\" class=\"link-cases-list\" ><img width=\"1024\" height=\"724\" src=\"https:\/\/metalsoft.com.br\/metalsoft\/wp-content\/uploads\/2020\/09\/sidersa-metalsoft-cases-1024x724.jpg\" class=\"img-cases-internal wp-post-image\" alt=\"Sidersa Metalsoft casos de sucesso\" loading=\"lazy\" srcset=\"https:\/\/metalsoft.com.br\/metalsoft\/wp-content\/uploads\/2020\/09\/sidersa-metalsoft-cases-1024x724.jpg 1024w, https:\/\/metalsoft.com.br\/metalsoft\/wp-content\/uploads\/2020\/09\/sidersa-metalsoft-cases-300x212.jpg 300w, https:\/\/metalsoft.com.br\/metalsoft\/wp-content\/uploads\/2020\/09\/sidersa-metalsoft-cases-768x543.jpg 768w, https:\/\/metalsoft.com.br\/metalsoft\/wp-content\/uploads\/2020\/09\/sidersa-metalsoft-cases-1536x1086.jpg 1536w, https:\/\/metalsoft.com.br\/metalsoft\/wp-content\/uploads\/2020\/09\/sidersa-metalsoft-cases.jpg 1920w\" sizes=\"(max-width: 1024px) 100vw, 1024px\" \/><div class=\"style-post-internal\"><\/div><div class=\"box-text-cases\"><p class=\"post-data-list\">19 de setembro de 2020<\/p><h3 class=\"post-title-list\">Sistema NETi Siderurgia gera redu\u00e7\u00e3o significativa de custos.<\/h3><\/a><\/div><\/div><div class=\"grid-item\"><a href=\"https:\/\/metalsoft.com.br\/metalsoft\/metalsider-utiliza-erp-especifico-para-siderurgia-de-ferro-gusa\/\" class=\"link-cases-list\" ><img width=\"1024\" height=\"768\" src=\"https:\/\/metalsoft.com.br\/metalsoft\/wp-content\/uploads\/2020\/09\/metalsider-post-case-metalsoft-1024x768.jpg\" class=\"img-cases-internal wp-post-image\" alt=\"Metalsider - Case Metalsoft\" loading=\"lazy\" srcset=\"https:\/\/metalsoft.com.br\/metalsoft\/wp-content\/uploads\/2020\/09\/metalsider-post-case-metalsoft-1024x768.jpg 1024w, https:\/\/metalsoft.com.br\/metalsoft\/wp-content\/uploads\/2020\/09\/metalsider-post-case-metalsoft-300x225.jpg 300w, https:\/\/metalsoft.com.br\/metalsoft\/wp-content\/uploads\/2020\/09\/metalsider-post-case-metalsoft-768x576.jpg 768w, https:\/\/metalsoft.com.br\/metalsoft\/wp-content\/uploads\/2020\/09\/metalsider-post-case-metalsoft-1536x1152.jpg 1536w, https:\/\/metalsoft.com.br\/metalsoft\/wp-content\/uploads\/2020\/09\/metalsider-post-case-metalsoft.jpg 1920w\" sizes=\"(max-width: 1024px) 100vw, 1024px\" \/><div class=\"style-post-internal\"><\/div><div class=\"box-text-cases\"><p class=\"post-data-list\">19 de setembro de 2020<\/p><h3 class=\"post-title-list\">Metalsider utiliza ERP espec\u00edfico para Siderurgia de Ferro Gusa<\/h3><\/a><\/div><\/div><\/div><\/div>\n\t\t\t\t<\/div>\n\t\t\t\t<\/div>\n\t\t\t\t\t\t<\/div>\n\t\t\t\t\t<\/div>\n\t\t<\/div>\n\t\t\t\t\t\t\t\t<\/div>\n\t\t\t\t\t<\/div>\n\t\t<\/section>\n\t\t\t\t<section class=\"elementor-section elementor-top-section elementor-element elementor-element-c128353 elementor-section-full_width elementor-section-height-default elementor-section-height-default\" data-id=\"c128353\" data-element_type=\"section\">\n\t\t\t\t\t\t<div class=\"elementor-container elementor-column-gap-default\">\n\t\t\t\t\t\t\t<div class=\"elementor-row\">\n\t\t\t\t\t<div class=\"elementor-column elementor-col-100 elementor-top-column elementor-element elementor-element-b5c1d82\" data-id=\"b5c1d82\" data-element_type=\"column\">\n\t\t\t<div class=\"elementor-column-wrap elementor-element-populated\">\n\t\t\t\t\t\t\t<div class=\"elementor-widget-wrap\">\n\t\t\t\t\t\t<div class=\"elementor-element elementor-element-1239e11 elementor-widget elementor-widget-shortcode\" data-id=\"1239e11\" data-element_type=\"widget\" data-widget_type=\"shortcode.default\">\n\t\t\t\t<div class=\"elementor-widget-container\">\n\t\t\t\t\t<div class=\"elementor-shortcode\"><div class=\"slide-clients\"><div class=\"slide-clients-item\"><a href=\"\/metalsider-utiliza-erp-especifico-para-siderurgia-de-ferro-gusa\"><img width=\"122\" height=\"122\" src=\"https:\/\/metalsoft.com.br\/metalsoft\/wp-content\/uploads\/2020\/09\/Metalsider.jpg\" class=\"img-client-index wp-post-image\" alt=\"Metal Sider - Cliente Metalsoft\" loading=\"lazy\" \/><\/a><\/div><div class=\"slide-clients-item\"><img width=\"122\" height=\"122\" src=\"https:\/\/metalsoft.com.br\/metalsoft\/wp-content\/uploads\/2020\/09\/Cosimat.jpg\" class=\"img-client-index wp-post-image\" alt=\"Cosimat - Cliente Metalsoft\" loading=\"lazy\" \/><\/div><div class=\"slide-clients-item\"><img width=\"122\" height=\"122\" src=\"https:\/\/metalsoft.com.br\/metalsoft\/wp-content\/uploads\/2021\/03\/sidermin.jpg\" class=\"img-client-index wp-post-image\" alt=\"Sidermin - Metalsoft\" loading=\"lazy\" \/><\/div><div class=\"slide-clients-item\"><img width=\"122\" height=\"122\" src=\"https:\/\/metalsoft.com.br\/metalsoft\/wp-content\/uploads\/2021\/03\/Ferguminas.jpg\" class=\"img-client-index wp-post-image\" alt=\"FERGUMINAS - Metalsoft\" loading=\"lazy\" \/><\/div><div class=\"slide-clients-item\"><img width=\"122\" height=\"122\" src=\"https:\/\/metalsoft.com.br\/metalsoft\/wp-content\/uploads\/2021\/03\/VDL.jpg\" class=\"img-client-index wp-post-image\" alt=\"VDL - Metalsoft\" loading=\"lazy\" \/><\/div><div class=\"slide-clients-item\"><img width=\"122\" height=\"122\" src=\"https:\/\/metalsoft.com.br\/metalsoft\/wp-content\/uploads\/2021\/03\/SDS.jpg\" class=\"img-client-index wp-post-image\" alt=\"SDS - Metalsoft\" loading=\"lazy\" \/><\/div><div class=\"slide-clients-item\"><img width=\"122\" height=\"122\" src=\"https:\/\/metalsoft.com.br\/metalsoft\/wp-content\/uploads\/2021\/03\/Atlas.jpg\" class=\"img-client-index wp-post-image\" alt=\"Atlas - Metalsoft\" loading=\"lazy\" \/><\/div><div class=\"slide-clients-item\"><img width=\"122\" height=\"122\" src=\"https:\/\/metalsoft.com.br\/metalsoft\/wp-content\/uploads\/2021\/03\/setegusa.jpg\" class=\"img-client-index wp-post-image\" alt=\"SETEGUSA - Metalsoft\" loading=\"lazy\" \/><\/div><div class=\"slide-clients-item\"><img width=\"122\" height=\"122\" src=\"https:\/\/metalsoft.com.br\/metalsoft\/wp-content\/uploads\/2021\/03\/FERGUBEL.jpg\" class=\"img-client-index wp-post-image\" alt=\"FERGUBEL - Metalsoft\" loading=\"lazy\" \/><\/div><div class=\"slide-clients-item\"><img width=\"122\" height=\"122\" src=\"https:\/\/metalsoft.com.br\/metalsoft\/wp-content\/uploads\/2021\/03\/Carbofer.jpg\" class=\"img-client-index wp-post-image\" alt=\"Carbofer - Metalsoft\" loading=\"lazy\" \/><\/div><div class=\"slide-clients-item\"><img width=\"122\" height=\"122\" src=\"https:\/\/metalsoft.com.br\/metalsoft\/wp-content\/uploads\/2021\/03\/MULTIFER.jpg\" class=\"img-client-index wp-post-image\" alt=\"MULTIFER - Metalsoft\" loading=\"lazy\" \/><\/div><div class=\"slide-clients-item\"><img width=\"122\" height=\"122\" src=\"https:\/\/metalsoft.com.br\/metalsoft\/wp-content\/uploads\/2021\/03\/Metalsete.jpg\" class=\"img-client-index wp-post-image\" alt=\"Metalsete - Metalsoft\" loading=\"lazy\" \/><\/div><div class=\"slide-clients-item\"><img width=\"122\" height=\"122\" src=\"https:\/\/metalsoft.com.br\/metalsoft\/wp-content\/uploads\/2021\/03\/MODULAX.jpg\" class=\"img-client-index wp-post-image\" alt=\"MODULAX - Metalsift\" loading=\"lazy\" \/><\/div><div class=\"slide-clients-item\"><img width=\"122\" height=\"122\" src=\"https:\/\/metalsoft.com.br\/metalsoft\/wp-content\/uploads\/2021\/03\/SIDERCOP.jpg\" class=\"img-client-index wp-post-image\" alt=\"SIDERCOP - Metalsoft\" loading=\"lazy\" \/><\/div><div class=\"slide-clients-item\"><img width=\"122\" height=\"122\" src=\"https:\/\/metalsoft.com.br\/metalsoft\/wp-content\/uploads\/2021\/03\/CITYGUSA.jpg\" class=\"img-client-index wp-post-image\" alt=\"CITYGUSA - Metalsoft\" loading=\"lazy\" \/><\/div><div class=\"slide-clients-item\"><img width=\"122\" height=\"122\" src=\"https:\/\/metalsoft.com.br\/metalsoft\/wp-content\/uploads\/2021\/03\/SAMA.jpg\" class=\"img-client-index wp-post-image\" alt=\"SAMA - Metalsoft\" loading=\"lazy\" \/><\/div><div class=\"slide-clients-item\"><a href=\"\/sistema-neti-siderurgia-gera-reducao-de-custo-de-80\"><img width=\"122\" height=\"122\" src=\"https:\/\/metalsoft.com.br\/metalsoft\/wp-content\/uploads\/2020\/09\/logo-sidersa.jpg\" class=\"img-client-index wp-post-image\" alt=\"Sidersa - Cliente Metalsoft\" loading=\"lazy\" \/><\/a><\/div><div class=\"slide-clients-item\"><img width=\"122\" height=\"122\" src=\"https:\/\/metalsoft.com.br\/metalsoft\/wp-content\/uploads\/2021\/03\/FERGUSETE.jpg\" class=\"img-client-index wp-post-image\" alt=\"FERGUSETE - Metalsoft\" loading=\"lazy\" \/><\/div><\/div><\/div>\n\t\t\t\t<\/div>\n\t\t\t\t<\/div>\n\t\t\t\t\t\t<\/div>\n\t\t\t\t\t<\/div>\n\t\t<\/div>\n\t\t\t\t\t\t\t\t<\/div>\n\t\t\t\t\t<\/div>\n\t\t<\/section>\n\t\t\t\t\t\t<\/div>\n\t\t\t\t\t\t<\/div>\n\t\t\t\t\t<\/div>\n\t\t","protected":false},"excerpt":{"rendered":"<p>NOSSOS CLIENTES Confira os casos de sucesso da Metalsoft Nossa solu\u00e7\u00e3o se adapta ao seu neg\u00f3cio, trazendo automa\u00e7\u00e3o e resultado em pouco tempo. Confira o que j\u00e1 fizemos por nossos clientes<\/p>\n","protected":false},"author":1,"featured_media":0,"parent":0,"menu_order":0,"comment_status":"closed","ping_status":"closed","template":"fullwidth100.php","meta":[],"_links":{"self":[{"href":"https:\/\/metalsoft.com.br\/metalsoft\/wp-json\/wp\/v2\/pages\/228"}],"collection":[{"href":"https:\/\/metalsoft.com.br\/metalsoft\/wp-json\/wp\/v2\/pages"}],"about":[{"href":"https:\/\/metalsoft.com.br\/metalsoft\/wp-json\/wp\/v2\/types\/page"}],"author":[{"embeddable":true,"href":"https:\/\/metalsoft.com.br\/metalsoft\/wp-json\/wp\/v2\/users\/1"}],"replies":[{"embeddable":true,"href":"https:\/\/metalsoft.com.br\/metalsoft\/wp-json\/wp\/v2\/comments?post=228"}],"version-history":[{"count":9,"href":"https:\/\/metalsoft.com.br\/metalsoft\/wp-json\/wp\/v2\/pages\/228\/revisions"}],"predecessor-version":[{"id":249,"href":"https:\/\/metalsoft.com.br\/metalsoft\/wp-json\/wp\/v2\/pages\/228\/revisions\/249"}],"wp:attachment":[{"href":"https:\/\/metalsoft.com.br\/metalsoft\/wp-json\/wp\/v2\/media?parent=228"}],"curies":[{"name":"wp","href":"https:\/\/api.w.org\/{rel}","templated":true}]}}