{"id":243,"date":"2020-09-26T17:44:43","date_gmt":"2020-09-26T20:44:43","guid":{"rendered":"http:\/\/metalsoft.com.br\/?page_id=243"},"modified":"2020-09-26T18:20:39","modified_gmt":"2020-09-26T21:20:39","slug":"blog-metalsoft","status":"publish","type":"page","link":"https:\/\/metalsoft.com.br\/metalsoft\/blog-metalsoft\/","title":{"rendered":"Blog Metalsoft"},"content":{"rendered":"\t\t<div data-elementor-type=\"wp-page\" data-elementor-id=\"243\" class=\"elementor elementor-243\" data-elementor-settings=\"[]\">\n\t\t\t\t\t\t<div class=\"elementor-inner\">\n\t\t\t\t\t\t\t<div class=\"elementor-section-wrap\">\n\t\t\t\t\t\t\t<section class=\"elementor-section elementor-top-section elementor-element elementor-element-1e892b3 elementor-section-boxed elementor-section-height-default elementor-section-height-default\" data-id=\"1e892b3\" data-element_type=\"section\">\n\t\t\t\t\t\t<div class=\"elementor-container elementor-column-gap-default\">\n\t\t\t\t\t\t\t<div class=\"elementor-row\">\n\t\t\t\t\t<div class=\"elementor-column elementor-col-100 elementor-top-column elementor-element elementor-element-f18d495\" data-id=\"f18d495\" data-element_type=\"column\">\n\t\t\t<div class=\"elementor-column-wrap elementor-element-populated\">\n\t\t\t\t\t\t\t<div class=\"elementor-widget-wrap\">\n\t\t\t\t\t\t<div class=\"elementor-element elementor-element-eebdff7 hr-pre-title elementor-widget-divider--view-line elementor-widget elementor-widget-divider\" data-id=\"eebdff7\" data-element_type=\"widget\" data-widget_type=\"divider.default\">\n\t\t\t\t<div class=\"elementor-widget-container\">\n\t\t\t\t\t<div class=\"elementor-divider\">\n\t\t\t<span class=\"elementor-divider-separator\">\n\t\t\t\t\t\t<\/span>\n\t\t<\/div>\n\t\t\t\t<\/div>\n\t\t\t\t<\/div>\n\t\t\t\t<div class=\"elementor-element elementor-element-350226b pre-title elementor-widget elementor-widget-text-editor\" data-id=\"350226b\" data-element_type=\"widget\" data-widget_type=\"text-editor.default\">\n\t\t\t\t<div class=\"elementor-widget-container\">\n\t\t\t\t\t\t\t\t<div class=\"elementor-text-editor elementor-clearfix\">\n\t\t\t\t\t<p>\u00daltimas not\u00edcias<\/p>\t\t\t\t\t<\/div>\n\t\t\t\t\t\t<\/div>\n\t\t\t\t<\/div>\n\t\t\t\t<div class=\"elementor-element elementor-element-d0c2b21 elementor-widget elementor-widget-heading\" data-id=\"d0c2b21\" data-element_type=\"widget\" data-widget_type=\"heading.default\">\n\t\t\t\t<div class=\"elementor-widget-container\">\n\t\t\t<h1 class=\"elementor-heading-title elementor-size-default\">Blog Metalsoft<\/h1>\t\t<\/div>\n\t\t\t\t<\/div>\n\t\t\t\t<div class=\"elementor-element elementor-element-c32c0ab elementor-widget elementor-widget-text-editor\" data-id=\"c32c0ab\" data-element_type=\"widget\" data-widget_type=\"text-editor.default\">\n\t\t\t\t<div class=\"elementor-widget-container\">\n\t\t\t\t\t\t\t\t<div class=\"elementor-text-editor elementor-clearfix\">\n\t\t\t\t\t<p>Confira aqui as \u00faltimas not\u00edcias relacionadas a Metalsoft e ao mercado de tecnologia e inova\u00e7\u00e3o para gost\u00e3o da sua empresa.\u00a0<\/p>\t\t\t\t\t<\/div>\n\t\t\t\t\t\t<\/div>\n\t\t\t\t<\/div>\n\t\t\t\t\t\t<\/div>\n\t\t\t\t\t<\/div>\n\t\t<\/div>\n\t\t\t\t\t\t\t\t<\/div>\n\t\t\t\t\t<\/div>\n\t\t<\/section>\n\t\t\t\t<section class=\"elementor-section elementor-top-section elementor-element elementor-element-e7e66e0 elementor-section-full_width elementor-section-height-default elementor-section-height-default\" data-id=\"e7e66e0\" data-element_type=\"section\" id=\"box-cases-internal\">\n\t\t\t\t\t\t<div class=\"elementor-container elementor-column-gap-default\">\n\t\t\t\t\t\t\t<div class=\"elementor-row\">\n\t\t\t\t\t<div class=\"elementor-column elementor-col-100 elementor-top-column elementor-element elementor-element-175baa4\" data-id=\"175baa4\" data-element_type=\"column\">\n\t\t\t<div class=\"elementor-column-wrap elementor-element-populated\">\n\t\t\t\t\t\t\t<div class=\"elementor-widget-wrap\">\n\t\t\t\t\t\t<div class=\"elementor-element elementor-element-6d9cab3 elementor-widget elementor-widget-shortcode\" data-id=\"6d9cab3\" data-element_type=\"widget\" data-widget_type=\"shortcode.default\">\n\t\t\t\t<div class=\"elementor-widget-container\">\n\t\t\t\t\t<div class=\"elementor-shortcode\">\n            <div class=\"grid\" data-masonry='{ \"itemSelector\": \".grid-item\" }'>\n\n            <div class=\"grid-item\"><a href=\"https:\/\/metalsoft.com.br\/metalsoft\/siderurgicas-de-ferro-gusa\/\" class=\"link-cases-list\" ><img width=\"1024\" height=\"576\" src=\"https:\/\/metalsoft.com.br\/metalsoft\/wp-content\/uploads\/2021\/01\/slider-metalsoft-siderurgia3-1024x576.jpg\" class=\"img-cases-internal wp-post-image\" alt=\"metalsoft siderurgia\" loading=\"lazy\" srcset=\"https:\/\/metalsoft.com.br\/metalsoft\/wp-content\/uploads\/2021\/01\/slider-metalsoft-siderurgia3-1024x576.jpg 1024w, https:\/\/metalsoft.com.br\/metalsoft\/wp-content\/uploads\/2021\/01\/slider-metalsoft-siderurgia3-300x169.jpg 300w, https:\/\/metalsoft.com.br\/metalsoft\/wp-content\/uploads\/2021\/01\/slider-metalsoft-siderurgia3-768x432.jpg 768w, https:\/\/metalsoft.com.br\/metalsoft\/wp-content\/uploads\/2021\/01\/slider-metalsoft-siderurgia3-1536x864.jpg 1536w, https:\/\/metalsoft.com.br\/metalsoft\/wp-content\/uploads\/2021\/01\/slider-metalsoft-siderurgia3.jpg 1920w\" sizes=\"(max-width: 1024px) 100vw, 1024px\" \/><div class=\"style-post-internal\"><\/div><div class=\"box-text-cases\"><p class=\"post-data-list\">17 de janeiro de 2021<\/p><h3 class=\"post-title-list\">Sider\u00fargicas de ferro gusa<\/h3><\/a><\/div><\/div><div class=\"grid-item\"><a href=\"https:\/\/metalsoft.com.br\/metalsoft\/sistema-neti-siderurgia-gera-reducao-de-custo-de-80\/\" class=\"link-cases-list\" ><img width=\"1024\" height=\"724\" src=\"https:\/\/metalsoft.com.br\/metalsoft\/wp-content\/uploads\/2020\/09\/sidersa-metalsoft-cases-1024x724.jpg\" class=\"img-cases-internal wp-post-image\" alt=\"Sidersa Metalsoft casos de sucesso\" loading=\"lazy\" srcset=\"https:\/\/metalsoft.com.br\/metalsoft\/wp-content\/uploads\/2020\/09\/sidersa-metalsoft-cases-1024x724.jpg 1024w, https:\/\/metalsoft.com.br\/metalsoft\/wp-content\/uploads\/2020\/09\/sidersa-metalsoft-cases-300x212.jpg 300w, https:\/\/metalsoft.com.br\/metalsoft\/wp-content\/uploads\/2020\/09\/sidersa-metalsoft-cases-768x543.jpg 768w, https:\/\/metalsoft.com.br\/metalsoft\/wp-content\/uploads\/2020\/09\/sidersa-metalsoft-cases-1536x1086.jpg 1536w, https:\/\/metalsoft.com.br\/metalsoft\/wp-content\/uploads\/2020\/09\/sidersa-metalsoft-cases.jpg 1920w\" sizes=\"(max-width: 1024px) 100vw, 1024px\" \/><div class=\"style-post-internal\"><\/div><div class=\"box-text-cases\"><p class=\"post-data-list\">19 de setembro de 2020<\/p><h3 class=\"post-title-list\">Sistema NETi Siderurgia gera redu\u00e7\u00e3o significativa de custos.<\/h3><\/a><\/div><\/div><div class=\"grid-item\"><a href=\"https:\/\/metalsoft.com.br\/metalsoft\/metalsider-utiliza-erp-especifico-para-siderurgia-de-ferro-gusa\/\" class=\"link-cases-list\" ><img width=\"1024\" height=\"768\" src=\"https:\/\/metalsoft.com.br\/metalsoft\/wp-content\/uploads\/2020\/09\/metalsider-post-case-metalsoft-1024x768.jpg\" class=\"img-cases-internal wp-post-image\" alt=\"Metalsider - Case Metalsoft\" loading=\"lazy\" srcset=\"https:\/\/metalsoft.com.br\/metalsoft\/wp-content\/uploads\/2020\/09\/metalsider-post-case-metalsoft-1024x768.jpg 1024w, https:\/\/metalsoft.com.br\/metalsoft\/wp-content\/uploads\/2020\/09\/metalsider-post-case-metalsoft-300x225.jpg 300w, https:\/\/metalsoft.com.br\/metalsoft\/wp-content\/uploads\/2020\/09\/metalsider-post-case-metalsoft-768x576.jpg 768w, https:\/\/metalsoft.com.br\/metalsoft\/wp-content\/uploads\/2020\/09\/metalsider-post-case-metalsoft-1536x1152.jpg 1536w, https:\/\/metalsoft.com.br\/metalsoft\/wp-content\/uploads\/2020\/09\/metalsider-post-case-metalsoft.jpg 1920w\" sizes=\"(max-width: 1024px) 100vw, 1024px\" \/><div class=\"style-post-internal\"><\/div><div class=\"box-text-cases\"><p class=\"post-data-list\">19 de setembro de 2020<\/p><h3 class=\"post-title-list\">Metalsider utiliza ERP espec\u00edfico para Siderurgia de Ferro Gusa<\/h3><\/a><\/div><\/div><div class=\"grid-item\"><a href=\"https:\/\/metalsoft.com.br\/metalsoft\/sistema-de-gestao-empresarial\/\" class=\"link-cases-list\" ><img width=\"1024\" height=\"576\" src=\"https:\/\/metalsoft.com.br\/metalsoft\/wp-content\/uploads\/2020\/09\/slider-metalsoft-gestao1-1024x576.jpg\" class=\"img-cases-internal wp-post-image\" alt=\"Metalsoft Gest\u00e3o Empresarial\" loading=\"lazy\" srcset=\"https:\/\/metalsoft.com.br\/metalsoft\/wp-content\/uploads\/2020\/09\/slider-metalsoft-gestao1-1024x576.jpg 1024w, https:\/\/metalsoft.com.br\/metalsoft\/wp-content\/uploads\/2020\/09\/slider-metalsoft-gestao1-300x169.jpg 300w, https:\/\/metalsoft.com.br\/metalsoft\/wp-content\/uploads\/2020\/09\/slider-metalsoft-gestao1-768x432.jpg 768w, https:\/\/metalsoft.com.br\/metalsoft\/wp-content\/uploads\/2020\/09\/slider-metalsoft-gestao1-1536x864.jpg 1536w, https:\/\/metalsoft.com.br\/metalsoft\/wp-content\/uploads\/2020\/09\/slider-metalsoft-gestao1.jpg 1920w\" sizes=\"(max-width: 1024px) 100vw, 1024px\" \/><div class=\"style-post-internal\"><\/div><div class=\"box-text-cases\"><p class=\"post-data-list\">13 de setembro de 2020<\/p><h3 class=\"post-title-list\">Sistema de Gest\u00e3o Empresarial<\/h3><\/a><\/div><\/div><\/div><\/div>\n\t\t\t\t<\/div>\n\t\t\t\t<\/div>\n\t\t\t\t\t\t<\/div>\n\t\t\t\t\t<\/div>\n\t\t<\/div>\n\t\t\t\t\t\t\t\t<\/div>\n\t\t\t\t\t<\/div>\n\t\t<\/section>\n\t\t\t\t<section class=\"elementor-section elementor-top-section elementor-element elementor-element-b569fec elementor-section-boxed elementor-section-height-default elementor-section-height-default\" data-id=\"b569fec\" data-element_type=\"section\" data-settings=\"{&quot;background_background&quot;:&quot;classic&quot;}\">\n\t\t\t\t\t\t<div class=\"elementor-container elementor-column-gap-default\">\n\t\t\t\t\t\t\t<div class=\"elementor-row\">\n\t\t\t\t\t<div class=\"elementor-column elementor-col-100 elementor-top-column elementor-element elementor-element-ad9df02\" data-id=\"ad9df02\" data-element_type=\"column\">\n\t\t\t<div class=\"elementor-column-wrap elementor-element-populated\">\n\t\t\t\t\t\t\t<div class=\"elementor-widget-wrap\">\n\t\t\t\t\t\t<div class=\"elementor-element elementor-element-3ef9084 elementor-align-center elementor-invisible elementor-widget elementor-widget-button\" data-id=\"3ef9084\" data-element_type=\"widget\" data-settings=\"{&quot;_animation&quot;:&quot;fadeInUp&quot;}\" data-widget_type=\"button.default\">\n\t\t\t\t<div class=\"elementor-widget-container\">\n\t\t\t\t\t<div class=\"elementor-button-wrapper\">\n\t\t\t<a href=\"\/blog-geral\" class=\"elementor-button-link elementor-button elementor-size-md\" role=\"button\">\n\t\t\t\t\t\t<span class=\"elementor-button-content-wrapper\">\n\t\t\t\t\t\t<span class=\"elementor-button-text\">Ver todos os posts<\/span>\n\t\t<\/span>\n\t\t\t\t\t<\/a>\n\t\t<\/div>\n\t\t\t\t<\/div>\n\t\t\t\t<\/div>\n\t\t\t\t\t\t<\/div>\n\t\t\t\t\t<\/div>\n\t\t<\/div>\n\t\t\t\t\t\t\t\t<\/div>\n\t\t\t\t\t<\/div>\n\t\t<\/section>\n\t\t\t\t\t\t<\/div>\n\t\t\t\t\t\t<\/div>\n\t\t\t\t\t<\/div>\n\t\t","protected":false},"excerpt":{"rendered":"<p>\u00daltimas not\u00edcias Blog Metalsoft Confira aqui as \u00faltimas not\u00edcias relacionadas a Metalsoft e ao mercado de tecnologia e inova\u00e7\u00e3o para gost\u00e3o da sua empresa.\u00a0 Ver todos os posts<\/p>\n","protected":false},"author":1,"featured_media":0,"parent":0,"menu_order":0,"comment_status":"closed","ping_status":"closed","template":"fullwidth100.php","meta":[],"_links":{"self":[{"href":"https:\/\/metalsoft.com.br\/metalsoft\/wp-json\/wp\/v2\/pages\/243"}],"collection":[{"href":"https:\/\/metalsoft.com.br\/metalsoft\/wp-json\/wp\/v2\/pages"}],"about":[{"href":"https:\/\/metalsoft.com.br\/metalsoft\/wp-json\/wp\/v2\/types\/page"}],"author":[{"embeddable":true,"href":"https:\/\/metalsoft.com.br\/metalsoft\/wp-json\/wp\/v2\/users\/1"}],"replies":[{"embeddable":true,"href":"https:\/\/metalsoft.com.br\/metalsoft\/wp-json\/wp\/v2\/comments?post=243"}],"version-history":[{"count":6,"href":"https:\/\/metalsoft.com.br\/metalsoft\/wp-json\/wp\/v2\/pages\/243\/revisions"}],"predecessor-version":[{"id":260,"href":"https:\/\/metalsoft.com.br\/metalsoft\/wp-json\/wp\/v2\/pages\/243\/revisions\/260"}],"wp:attachment":[{"href":"https:\/\/metalsoft.com.br\/metalsoft\/wp-json\/wp\/v2\/media?parent=243"}],"curies":[{"name":"wp","href":"https:\/\/api.w.org\/{rel}","templated":true}]}}