{"id":268,"date":"2020-09-26T19:44:20","date_gmt":"2020-09-26T22:44:20","guid":{"rendered":"http:\/\/metalsoft.com.br\/?page_id=268"},"modified":"2021-02-16T21:07:27","modified_gmt":"2021-02-17T00:07:27","slug":"solucoes-em-ti","status":"publish","type":"page","link":"https:\/\/metalsoft.com.br\/metalsoft\/solucoes-em-ti\/","title":{"rendered":"Solu\u00e7\u00f5es em TI"},"content":{"rendered":"\t\t<div data-elementor-type=\"wp-page\" data-elementor-id=\"268\" class=\"elementor elementor-268\" data-elementor-settings=\"[]\">\n\t\t\t\t\t\t<div class=\"elementor-inner\">\n\t\t\t\t\t\t\t<div class=\"elementor-section-wrap\">\n\t\t\t\t\t\t\t<section class=\"elementor-section elementor-top-section elementor-element elementor-element-8e4768b elementor-section-boxed elementor-section-height-default elementor-section-height-default\" data-id=\"8e4768b\" data-element_type=\"section\" id=\"soluction-section\">\n\t\t\t\t\t\t<div class=\"elementor-container elementor-column-gap-default\">\n\t\t\t\t\t\t\t<div class=\"elementor-row\">\n\t\t\t\t\t<div class=\"elementor-column elementor-col-50 elementor-top-column elementor-element elementor-element-05de984\" data-id=\"05de984\" data-element_type=\"column\">\n\t\t\t<div class=\"elementor-column-wrap elementor-element-populated\">\n\t\t\t\t\t\t\t<div class=\"elementor-widget-wrap\">\n\t\t\t\t\t\t<div class=\"elementor-element elementor-element-514c43e hr-pre-title elementor-widget-divider--view-line elementor-widget elementor-widget-divider\" data-id=\"514c43e\" data-element_type=\"widget\" data-widget_type=\"divider.default\">\n\t\t\t\t<div class=\"elementor-widget-container\">\n\t\t\t\t\t<div class=\"elementor-divider\">\n\t\t\t<span class=\"elementor-divider-separator\">\n\t\t\t\t\t\t<\/span>\n\t\t<\/div>\n\t\t\t\t<\/div>\n\t\t\t\t<\/div>\n\t\t\t\t<div class=\"elementor-element elementor-element-c666126 pre-title elementor-widget elementor-widget-text-editor\" data-id=\"c666126\" data-element_type=\"widget\" data-widget_type=\"text-editor.default\">\n\t\t\t\t<div class=\"elementor-widget-container\">\n\t\t\t\t\t\t\t\t<div class=\"elementor-text-editor elementor-clearfix\">\n\t\t\t\t\t<p>Solu\u00e7\u00f5es em infraestrutura de TI<\/p>\t\t\t\t\t<\/div>\n\t\t\t\t\t\t<\/div>\n\t\t\t\t<\/div>\n\t\t\t\t<div class=\"elementor-element elementor-element-f057b0c elementor-widget elementor-widget-heading\" data-id=\"f057b0c\" data-element_type=\"widget\" data-widget_type=\"heading.default\">\n\t\t\t\t<div class=\"elementor-widget-container\">\n\t\t\t<h1 class=\"elementor-heading-title elementor-size-default\">Conhe\u00e7a a MetalSoft IT Solutions<\/h1>\t\t<\/div>\n\t\t\t\t<\/div>\n\t\t\t\t<div class=\"elementor-element elementor-element-2a97d52 elementor-widget elementor-widget-text-editor\" data-id=\"2a97d52\" data-element_type=\"widget\" data-widget_type=\"text-editor.default\">\n\t\t\t\t<div class=\"elementor-widget-container\">\n\t\t\t\t\t\t\t\t<div class=\"elementor-text-editor elementor-clearfix\">\n\t\t\t\t\t<p>Fundada em 2010 com o objetivo de complementar as demandas de infraestrutura de nossos clientes de software, a MetalSoft IT Solutions em pouco tempo supera-se, quando decidimos passar a ofertar ao mercado seus servi\u00e7os de qualidade na implementa\u00e7\u00e3o de solu\u00e7\u00f5es de TI e REDE.<\/p><p>Com um vasto portf\u00f3lio de produtos e uma carteira de parceiros renomados, a MetalSoft IT Solutions se orgulha de ser fonte de inova\u00e7\u00e3o tecnol\u00f3gica para organiza\u00e7\u00f5es de todos os portes, auxiliando-as a transformar suas estruturas de tecnologia tradicionais em sistemas de TI modernos, eficientes e seguros.<\/p>\t\t\t\t\t<\/div>\n\t\t\t\t\t\t<\/div>\n\t\t\t\t<\/div>\n\t\t\t\t\t\t<\/div>\n\t\t\t\t\t<\/div>\n\t\t<\/div>\n\t\t\t\t<div class=\"elementor-column elementor-col-50 elementor-top-column elementor-element elementor-element-a6029e5\" data-id=\"a6029e5\" data-element_type=\"column\">\n\t\t\t<div class=\"elementor-column-wrap\">\n\t\t\t\t\t\t\t<div class=\"elementor-widget-wrap\">\n\t\t\t\t\t\t\t\t<\/div>\n\t\t\t\t\t<\/div>\n\t\t<\/div>\n\t\t\t\t\t\t\t\t<\/div>\n\t\t\t\t\t<\/div>\n\t\t<\/section>\n\t\t\t\t<section class=\"elementor-section elementor-top-section elementor-element elementor-element-94f2bb3 elementor-section-boxed elementor-section-height-default elementor-section-height-default\" data-id=\"94f2bb3\" data-element_type=\"section\">\n\t\t\t\t\t\t<div class=\"elementor-container elementor-column-gap-default\">\n\t\t\t\t\t\t\t<div class=\"elementor-row\">\n\t\t\t\t\t<div class=\"elementor-column elementor-col-100 elementor-top-column elementor-element elementor-element-47240cc\" data-id=\"47240cc\" data-element_type=\"column\">\n\t\t\t<div class=\"elementor-column-wrap elementor-element-populated\">\n\t\t\t\t\t\t\t<div class=\"elementor-widget-wrap\">\n\t\t\t\t\t\t<div class=\"elementor-element elementor-element-3c79b9d hr-pre-title elementor-widget-divider--view-line elementor-widget elementor-widget-divider\" data-id=\"3c79b9d\" data-element_type=\"widget\" data-widget_type=\"divider.default\">\n\t\t\t\t<div class=\"elementor-widget-container\">\n\t\t\t\t\t<div class=\"elementor-divider\">\n\t\t\t<span class=\"elementor-divider-separator\">\n\t\t\t\t\t\t<\/span>\n\t\t<\/div>\n\t\t\t\t<\/div>\n\t\t\t\t<\/div>\n\t\t\t\t<div class=\"elementor-element elementor-element-e5f0953 pre-title elementor-widget elementor-widget-text-editor\" data-id=\"e5f0953\" data-element_type=\"widget\" data-widget_type=\"text-editor.default\">\n\t\t\t\t<div class=\"elementor-widget-container\">\n\t\t\t\t\t\t\t\t<div class=\"elementor-text-editor elementor-clearfix\">\n\t\t\t\t\t<p>Como atuamos<\/p>\t\t\t\t\t<\/div>\n\t\t\t\t\t\t<\/div>\n\t\t\t\t<\/div>\n\t\t\t\t<div class=\"elementor-element elementor-element-515aaf1 elementor-widget elementor-widget-heading\" data-id=\"515aaf1\" data-element_type=\"widget\" data-widget_type=\"heading.default\">\n\t\t\t\t<div class=\"elementor-widget-container\">\n\t\t\t<h2 class=\"elementor-heading-title elementor-size-default\">Casos de sucesso<\/h2>\t\t<\/div>\n\t\t\t\t<\/div>\n\t\t\t\t\t\t<\/div>\n\t\t\t\t\t<\/div>\n\t\t<\/div>\n\t\t\t\t\t\t\t\t<\/div>\n\t\t\t\t\t<\/div>\n\t\t<\/section>\n\t\t\t\t<section class=\"elementor-section elementor-top-section elementor-element elementor-element-4c7cc1d elementor-section-boxed elementor-section-height-default elementor-section-height-default\" data-id=\"4c7cc1d\" data-element_type=\"section\">\n\t\t\t\t\t\t<div class=\"elementor-container elementor-column-gap-default\">\n\t\t\t\t\t\t\t<div class=\"elementor-row\">\n\t\t\t\t\t<div class=\"elementor-column elementor-col-50 elementor-top-column elementor-element elementor-element-ba4e7dc\" data-id=\"ba4e7dc\" data-element_type=\"column\">\n\t\t\t<div class=\"elementor-column-wrap elementor-element-populated\">\n\t\t\t\t\t\t\t<div class=\"elementor-widget-wrap\">\n\t\t\t\t\t\t<div class=\"elementor-element elementor-element-874adc6 elementor-position-top elementor-vertical-align-top elementor-widget elementor-widget-image-box\" data-id=\"874adc6\" data-element_type=\"widget\" data-widget_type=\"image-box.default\">\n\t\t\t\t<div class=\"elementor-widget-container\">\n\t\t\t<div class=\"elementor-image-box-wrapper\"><figure class=\"elementor-image-box-img\"><img width=\"122\" height=\"122\" src=\"https:\/\/metalsoft.com.br\/metalsoft\/wp-content\/uploads\/2020\/09\/prodabel-on.jpg\" class=\"attachment-full size-full\" alt=\"Prodabel MG - Cliente Metalsoft\" loading=\"lazy\" \/><\/figure><div class=\"elementor-image-box-content\"><h4 class=\"elementor-image-box-title\">Prefeitura de Belo Horizonte - Prodabel MG<\/h4><p class=\"elementor-image-box-description\">Em 2014 desenvolvemos um projeto de grande repercuss\u00e3o implementando a estrutura de redes WiFi em todas as pra\u00e7as e parques de Belo Horizonte para a Copa do Mundo. A MetalSoft IT Solutions venceu a concorr\u00eancia sobrepujando diversas empresas de renome no segmento, ratificando sua compet\u00eancia e sua posi\u00e7\u00e3o consolidada no mercado.<\/p><\/div><\/div>\t\t<\/div>\n\t\t\t\t<\/div>\n\t\t\t\t\t\t<\/div>\n\t\t\t\t\t<\/div>\n\t\t<\/div>\n\t\t\t\t<div class=\"elementor-column elementor-col-50 elementor-top-column elementor-element elementor-element-b25e068\" data-id=\"b25e068\" data-element_type=\"column\">\n\t\t\t<div class=\"elementor-column-wrap elementor-element-populated\">\n\t\t\t\t\t\t\t<div class=\"elementor-widget-wrap\">\n\t\t\t\t\t\t<div class=\"elementor-element elementor-element-e577bfe elementor-position-top elementor-vertical-align-top elementor-widget elementor-widget-image-box\" data-id=\"e577bfe\" data-element_type=\"widget\" data-widget_type=\"image-box.default\">\n\t\t\t\t<div class=\"elementor-widget-container\">\n\t\t\t<div class=\"elementor-image-box-wrapper\"><figure class=\"elementor-image-box-img\"><img width=\"122\" height=\"122\" src=\"https:\/\/metalsoft.com.br\/metalsoft\/wp-content\/uploads\/2020\/10\/uaitec.jpg\" class=\"attachment-full size-full\" alt=\"UAITEC - Cliente Metalsoft\" loading=\"lazy\" \/><\/figure><div class=\"elementor-image-box-content\"><h4 class=\"elementor-image-box-title\">UAITEC - Universidade Aberta e Integrada de Minas Gerais<\/h4><p class=\"elementor-image-box-description\">Em 2016, assumimos um novo projeto expressivo: modernizar, monitorar e dar manuten\u00e7\u00e3o nas 112 unidades do programa UAITEC \u2013 Universidade Aberta e Integrada de Minas Gerais. A UAITEC \u00e9 um programa do Governo de Minas, coordenado pela Secretaria de Estado de Ci\u00eancia, Tecnologia e Ensino Superior (SECTES), que visa oferecer, de forma gratuita, qualifica\u00e7\u00e3o profissional por meio da implanta\u00e7\u00e3o de uma rede de polos de educa\u00e7\u00e3o \u00e0 dist\u00e2ncia e inclus\u00e3o digital.<\/p><\/div><\/div>\t\t<\/div>\n\t\t\t\t<\/div>\n\t\t\t\t\t\t<\/div>\n\t\t\t\t\t<\/div>\n\t\t<\/div>\n\t\t\t\t\t\t\t\t<\/div>\n\t\t\t\t\t<\/div>\n\t\t<\/section>\n\t\t\t\t<section class=\"elementor-section elementor-top-section elementor-element elementor-element-05d3aee elementor-section-boxed elementor-section-height-default elementor-section-height-default\" data-id=\"05d3aee\" data-element_type=\"section\" data-settings=\"{&quot;background_background&quot;:&quot;classic&quot;}\">\n\t\t\t\t\t\t<div class=\"elementor-container elementor-column-gap-default\">\n\t\t\t\t\t\t\t<div class=\"elementor-row\">\n\t\t\t\t\t<div class=\"elementor-column elementor-col-100 elementor-top-column elementor-element elementor-element-8dd116d\" data-id=\"8dd116d\" data-element_type=\"column\">\n\t\t\t<div class=\"elementor-column-wrap elementor-element-populated\">\n\t\t\t\t\t\t\t<div class=\"elementor-widget-wrap\">\n\t\t\t\t\t\t<div class=\"elementor-element elementor-element-0f220ee hr-pre-title elementor-widget-divider--view-line elementor-widget elementor-widget-divider\" data-id=\"0f220ee\" data-element_type=\"widget\" data-widget_type=\"divider.default\">\n\t\t\t\t<div class=\"elementor-widget-container\">\n\t\t\t\t\t<div class=\"elementor-divider\">\n\t\t\t<span class=\"elementor-divider-separator\">\n\t\t\t\t\t\t<\/span>\n\t\t<\/div>\n\t\t\t\t<\/div>\n\t\t\t\t<\/div>\n\t\t\t\t<div class=\"elementor-element elementor-element-0ff71f1 pre-title elementor-widget elementor-widget-text-editor\" data-id=\"0ff71f1\" data-element_type=\"widget\" data-widget_type=\"text-editor.default\">\n\t\t\t\t<div class=\"elementor-widget-container\">\n\t\t\t\t\t\t\t\t<div class=\"elementor-text-editor elementor-clearfix\">\n\t\t\t\t\t<p>O que oferecemos<\/p>\t\t\t\t\t<\/div>\n\t\t\t\t\t\t<\/div>\n\t\t\t\t<\/div>\n\t\t\t\t<div class=\"elementor-element elementor-element-5dfe0eb elementor-widget elementor-widget-heading\" data-id=\"5dfe0eb\" data-element_type=\"widget\" data-widget_type=\"heading.default\">\n\t\t\t\t<div class=\"elementor-widget-container\">\n\t\t\t<h2 class=\"elementor-heading-title elementor-size-default\">Nossos Servi\u00e7os<\/h2>\t\t<\/div>\n\t\t\t\t<\/div>\n\t\t\t\t\t\t<\/div>\n\t\t\t\t\t<\/div>\n\t\t<\/div>\n\t\t\t\t\t\t\t\t<\/div>\n\t\t\t\t\t<\/div>\n\t\t<\/section>\n\t\t\t\t<section class=\"elementor-section elementor-top-section elementor-element elementor-element-9d75107 elementor-section-boxed elementor-section-height-default elementor-section-height-default\" data-id=\"9d75107\" data-element_type=\"section\" data-settings=\"{&quot;background_background&quot;:&quot;classic&quot;}\">\n\t\t\t\t\t\t<div class=\"elementor-container elementor-column-gap-default\">\n\t\t\t\t\t\t\t<div class=\"elementor-row\">\n\t\t\t\t\t<div class=\"elementor-column elementor-col-50 elementor-top-column elementor-element elementor-element-0136ec2\" data-id=\"0136ec2\" data-element_type=\"column\">\n\t\t\t<div class=\"elementor-column-wrap elementor-element-populated\">\n\t\t\t\t\t\t\t<div class=\"elementor-widget-wrap\">\n\t\t\t\t\t\t<div class=\"elementor-element elementor-element-ef06517 title-services elementor-widget elementor-widget-heading\" data-id=\"ef06517\" data-element_type=\"widget\" data-widget_type=\"heading.default\">\n\t\t\t\t<div class=\"elementor-widget-container\">\n\t\t\t<h5 class=\"elementor-heading-title elementor-size-default\">Infraestrutura de Rede<\/h5>\t\t<\/div>\n\t\t\t\t<\/div>\n\t\t\t\t<div class=\"elementor-element elementor-element-76242cf elementor-widget elementor-widget-text-editor\" data-id=\"76242cf\" data-element_type=\"widget\" data-widget_type=\"text-editor.default\">\n\t\t\t\t<div class=\"elementor-widget-container\">\n\t\t\t\t\t\t\t\t<div class=\"elementor-text-editor elementor-clearfix\">\n\t\t\t\t\t<p>As equipes de TI das empresas, tendo \u00e0 frente a enorme depend\u00eancia das corpora\u00e7\u00f5es para com os recursos de tecnologia, enfrentam um grande desafio em oferecer uma rede segura e de alta performance, demandando robustas solu\u00e7\u00f5es de networking.<\/p><p>A MetalSoft IT Solutions oferece servi\u00e7os de mapeamento e dimensionamento de rede cabeada ou sem fio, com alta confiabilidade. Entregamos projetos estruturados por arquitetos com alta senioridade, baseados nas melhores pr\u00e1ticas de marcado e lan\u00e7ando m\u00e3o de equipamentos com qualidade certificada, sempre adequando a solu\u00e7\u00e3o, caso a caso, \u00e0 realidade da rela\u00e7\u00e3o necessidade x interesse de investimento de nossos clientes.<\/p><p><strong>IMPLEMENTA\u00c7\u00c3O DE SOLU\u00c7\u00d5ES COM FIBRA \u00d3TICA<\/strong><\/p><ul><li>Lan\u00e7amento de cabo \u00f3ptico subterr\u00e2neo e a\u00e9reo;<\/li><li>Projeto e instala\u00e7\u00e3o de fibra \u00f3ptica;<\/li><li>Instala\u00e7\u00e3o de an\u00e9is \u00f3pticos;<\/li><li>Emenda de fibra \u00f3ptica (fus\u00e3o de pontos);<\/li><li>Liga\u00e7\u00e3o de fibra \u00f3ptica com ativos de rede;<\/li><li>Homologa\u00e7\u00e3o e certifica\u00e7\u00e3o.<\/li><\/ul>\t\t\t\t\t<\/div>\n\t\t\t\t\t\t<\/div>\n\t\t\t\t<\/div>\n\t\t\t\t\t\t<\/div>\n\t\t\t\t\t<\/div>\n\t\t<\/div>\n\t\t\t\t<div class=\"elementor-column elementor-col-50 elementor-top-column elementor-element elementor-element-2ffcbb6\" data-id=\"2ffcbb6\" data-element_type=\"column\">\n\t\t\t<div class=\"elementor-column-wrap elementor-element-populated\">\n\t\t\t\t\t\t\t<div class=\"elementor-widget-wrap\">\n\t\t\t\t\t\t<div class=\"elementor-element elementor-element-9f05170 title-services elementor-widget elementor-widget-heading\" data-id=\"9f05170\" data-element_type=\"widget\" data-widget_type=\"heading.default\">\n\t\t\t\t<div class=\"elementor-widget-container\">\n\t\t\t<h5 class=\"elementor-heading-title elementor-size-default\">Solu\u00e7\u00f5es de Seguran\u00e7a<\/h5>\t\t<\/div>\n\t\t\t\t<\/div>\n\t\t\t\t<div class=\"elementor-element elementor-element-ca12b84 elementor-widget elementor-widget-text-editor\" data-id=\"ca12b84\" data-element_type=\"widget\" data-widget_type=\"text-editor.default\">\n\t\t\t\t<div class=\"elementor-widget-container\">\n\t\t\t\t\t\t\t\t<div class=\"elementor-text-editor elementor-clearfix\">\n\t\t\t\t\t<p>Mais do que nunca, com o aumento de casos de ataques e a implementa\u00e7\u00e3o da LGPD, existe uma preocupa\u00e7\u00e3o significativa junto aos profissionais de TI das empresas em rela\u00e7\u00e3o a seguran\u00e7a das informa\u00e7\u00f5es, pois nelas est\u00e1 parte importante da intelig\u00eancia competitiva dos neg\u00f3cios, sendo ponto relevante na obten\u00e7\u00e3o de resultados. A informa\u00e7\u00e3o \u00e9 um ativo que deve receber cuidados especiais contra vulnerabilidades devido \u00e0 constante exposi\u00e7\u00e3o a amea\u00e7as.<\/p><p>Com as nossas solu\u00e7\u00f5es poderemos ajudar sua empresa a prever e interromper amea\u00e7as e ampliar a seguran\u00e7a de toda sua base instalada. Integramos tecnologias de monitoramento, defesa e gerenciamos a seguran\u00e7a da sua organiza\u00e7\u00e3o. Al\u00e9m disso, a MetalSoft IT Solutions poder\u00e1 apoi\u00e1-lo na identifica\u00e7\u00e3o de riscos atuais e futuros, internos e externos, sempre garantindo a confidencialidade, integridade e a disponibilidade de seus dados e sistemas.<\/p><p><strong>OFERECEMOS:<\/strong><\/p><ul><li>Servi\u00e7os de firewall;<\/li><li>Antiv\u00edrus, antispam;<\/li><li>Controle de acesso de p\u00e1ginas da web;<\/li><li>VPN (interliga\u00e7\u00e3o de unidades);<\/li><li>Controle de aplica\u00e7\u00f5es, balanceamento e redund\u00e2ncia de links de internet;<\/li><li>Ger\u00eancia e configura\u00e7\u00e3o remota;<\/li><li>Auditoria;<\/li><li>e softwares de prote\u00e7\u00e3o de esta\u00e7\u00f5es de trabalho.<\/li><\/ul>\t\t\t\t\t<\/div>\n\t\t\t\t\t\t<\/div>\n\t\t\t\t<\/div>\n\t\t\t\t\t\t<\/div>\n\t\t\t\t\t<\/div>\n\t\t<\/div>\n\t\t\t\t\t\t\t\t<\/div>\n\t\t\t\t\t<\/div>\n\t\t<\/section>\n\t\t\t\t<section class=\"elementor-section elementor-top-section elementor-element elementor-element-3b25b02 elementor-section-boxed elementor-section-height-default elementor-section-height-default\" data-id=\"3b25b02\" data-element_type=\"section\" data-settings=\"{&quot;background_background&quot;:&quot;classic&quot;}\">\n\t\t\t\t\t\t<div class=\"elementor-container elementor-column-gap-default\">\n\t\t\t\t\t\t\t<div class=\"elementor-row\">\n\t\t\t\t\t<div class=\"elementor-column elementor-col-50 elementor-top-column elementor-element elementor-element-d0f8058\" data-id=\"d0f8058\" data-element_type=\"column\">\n\t\t\t<div class=\"elementor-column-wrap elementor-element-populated\">\n\t\t\t\t\t\t\t<div class=\"elementor-widget-wrap\">\n\t\t\t\t\t\t<div class=\"elementor-element elementor-element-8293b2a title-services elementor-widget elementor-widget-heading\" data-id=\"8293b2a\" data-element_type=\"widget\" data-widget_type=\"heading.default\">\n\t\t\t\t<div class=\"elementor-widget-container\">\n\t\t\t<h5 class=\"elementor-heading-title elementor-size-default\">Monitoramento<\/h5>\t\t<\/div>\n\t\t\t\t<\/div>\n\t\t\t\t<div class=\"elementor-element elementor-element-f19afc7 elementor-widget elementor-widget-text-editor\" data-id=\"f19afc7\" data-element_type=\"widget\" data-widget_type=\"text-editor.default\">\n\t\t\t\t<div class=\"elementor-widget-container\">\n\t\t\t\t\t\t\t\t<div class=\"elementor-text-editor elementor-clearfix\">\n\t\t\t\t\t<p>Para garantir o melhor desempenho da infraestrutura de TI, oferecemos servi\u00e7os de monitoramento que contemplam a execu\u00e7\u00e3o de rotinas de controle e verifica\u00e7\u00e3o das esta\u00e7\u00f5es de trabalho, servidores, storages, switches, roteadores, firewalls e backups para garantir a integridade e disponibilidade dos recursos, de forma que sua equipe possa direcionar os esfor\u00e7os para com o core business da empresa.<\/p><p>O servi\u00e7o tem um direcionamento preventivo detectando erros ou degrada\u00e7\u00f5es na infraestrutura de TI, antes mesmo delas acontecerem, al\u00e9m da identifica\u00e7\u00e3o de poss\u00edveis invas\u00f5es ou comportamentos suspeitos dentro da rede.<\/p><p><strong>O SERVI\u00c7O CONTEMPLA:<\/strong><\/p><ul><li>Monitoramento 24horas, incluindo feriados;<\/li><li>Identifica\u00e7\u00e3o do uso indevido dos ativos de infraestrutura de TI;<\/li><li>Monitoramento de todos os ativos integrados \u00e0 rede corporativa.<\/li><\/ul>\t\t\t\t\t<\/div>\n\t\t\t\t\t\t<\/div>\n\t\t\t\t<\/div>\n\t\t\t\t\t\t<\/div>\n\t\t\t\t\t<\/div>\n\t\t<\/div>\n\t\t\t\t<div class=\"elementor-column elementor-col-50 elementor-top-column elementor-element elementor-element-f1336a3\" data-id=\"f1336a3\" data-element_type=\"column\">\n\t\t\t<div class=\"elementor-column-wrap elementor-element-populated\">\n\t\t\t\t\t\t\t<div class=\"elementor-widget-wrap\">\n\t\t\t\t\t\t<div class=\"elementor-element elementor-element-3152888 title-services elementor-widget elementor-widget-heading\" data-id=\"3152888\" data-element_type=\"widget\" data-widget_type=\"heading.default\">\n\t\t\t\t<div class=\"elementor-widget-container\">\n\t\t\t<h5 class=\"elementor-heading-title elementor-size-default\">Service Desk<\/h5>\t\t<\/div>\n\t\t\t\t<\/div>\n\t\t\t\t<div class=\"elementor-element elementor-element-6b96d15 elementor-widget elementor-widget-text-editor\" data-id=\"6b96d15\" data-element_type=\"widget\" data-widget_type=\"text-editor.default\">\n\t\t\t\t<div class=\"elementor-widget-container\">\n\t\t\t\t\t\t\t\t<div class=\"elementor-text-editor elementor-clearfix\">\n\t\t\t\t\t<p>Dificuldades com sistemas e com a utiliza\u00e7\u00e3o da infraestrutura de tecnologia podem causar efeitos negativos na produtividade da sua equipe impactando no seu neg\u00f3cio e em seus resultados.<\/p><p>Por outro lado, a cria\u00e7\u00e3o de uma \u00e1rea interna pr\u00f3pria para atender \u00e0s necessidades de service desk em TI pode gerar custos elevados, al\u00e9m de permanente necessidade de capacita\u00e7\u00e3o da equipe e reten\u00e7\u00e3o de talentos. Pensando nisso, a MetalSoft IT Solutions oferece todo um conjunto de servi\u00e7os para cuidar das suas demandas de suporte \u00e0s necessidades de TI.<\/p><p>Nosso service desk est\u00e1 dispon\u00edvel 365 dias por ano, 7 dias por semana e 24 horas por dia, com uma equipe de consultores t\u00e9cnicos capacitados para atender de forma din\u00e2mica e eficiente \u00e0s quest\u00f5es relacionadas a Tecnologia de Informa\u00e7\u00e3o da sua organiza\u00e7\u00e3o.<\/p><p>Cuidamos de todo o processo, desde abrir o chamado, classificar, atender ou fazer a triagem da quest\u00e3o, escalando de forma \u00e1gil para atendimentos de segundo e terceiro n\u00edveis, com equipes com alto n\u00edvel de senioridade e capacita\u00e7\u00e3o atuando de forma incisiva na solu\u00e7\u00e3o da demanda.<\/p><p><strong>OFERECEMOS:<\/strong><\/p><ul><li>Assist\u00eancia t\u00e9cnica onsite\/offsite para solu\u00e7\u00e3o de problemas;<\/li><li>Instala\u00e7\u00f5es e configura\u00e7\u00f5es de equipamentos;<\/li><li>Teste de m\u00eddia para fins de continuidade e sinaliza\u00e7\u00e3o adequada;<\/li><li>Fornecimento de verifica\u00e7\u00f5es visuais para auxiliar na resolu\u00e7\u00e3o de problemas por via remota;<\/li><li>Visitas para controle preventivo de falhas.<\/li><\/ul>\t\t\t\t\t<\/div>\n\t\t\t\t\t\t<\/div>\n\t\t\t\t<\/div>\n\t\t\t\t\t\t<\/div>\n\t\t\t\t\t<\/div>\n\t\t<\/div>\n\t\t\t\t\t\t\t\t<\/div>\n\t\t\t\t\t<\/div>\n\t\t<\/section>\n\t\t\t\t<section class=\"elementor-section elementor-top-section elementor-element elementor-element-c83c65d elementor-section-boxed elementor-section-height-default elementor-section-height-default\" data-id=\"c83c65d\" data-element_type=\"section\" data-settings=\"{&quot;background_background&quot;:&quot;classic&quot;}\">\n\t\t\t\t\t\t<div class=\"elementor-container elementor-column-gap-default\">\n\t\t\t\t\t\t\t<div class=\"elementor-row\">\n\t\t\t\t\t<div class=\"elementor-column elementor-col-50 elementor-top-column elementor-element elementor-element-c7ceef5\" data-id=\"c7ceef5\" data-element_type=\"column\">\n\t\t\t<div class=\"elementor-column-wrap elementor-element-populated\">\n\t\t\t\t\t\t\t<div class=\"elementor-widget-wrap\">\n\t\t\t\t\t\t<div class=\"elementor-element elementor-element-560bfe1 title-services elementor-widget elementor-widget-heading\" data-id=\"560bfe1\" data-element_type=\"widget\" data-widget_type=\"heading.default\">\n\t\t\t\t<div class=\"elementor-widget-container\">\n\t\t\t<h5 class=\"elementor-heading-title elementor-size-default\">Consultoria em TI<\/h5>\t\t<\/div>\n\t\t\t\t<\/div>\n\t\t\t\t<div class=\"elementor-element elementor-element-28fb642 elementor-widget elementor-widget-text-editor\" data-id=\"28fb642\" data-element_type=\"widget\" data-widget_type=\"text-editor.default\">\n\t\t\t\t<div class=\"elementor-widget-container\">\n\t\t\t\t\t\t\t\t<div class=\"elementor-text-editor elementor-clearfix\">\n\t\t\t\t\t<p>Com a constante evolu\u00e7\u00e3o tecnol\u00f3gica, os CIOs e a equipe de Tecnologia da Informa\u00e7\u00e3o, precisam manter-se permanentemente atualizados e em busca por novas solu\u00e7\u00f5es e pr\u00e1ticas recomend\u00e1veis que satisfa\u00e7am os requisitos de TI. A MetalSoft IT Solutions, com o objetivo de atender a esta demanda, oferece aos seus clientes uma consultoria em TI, dando-lhes acesso \u00e0s informa\u00e7\u00f5es das novidades do mercado, acompanhada de aconselhamento sobre o que seria mais vantajoso para a empresa. Com uma equipe experiente e com alto n\u00edvel de senioridade, podemos auxiliar seu neg\u00f3cio desde o processo de escolha at\u00e9 a implanta\u00e7\u00e3o de ferramentas novas e adequadas, mantendo o atendimento por todo o ciclo de vida de um projeto.<\/p><p><strong>OFERECEMOS:<\/strong><\/p><ul><li>Suporte nas defini\u00e7\u00f5es de novas estrat\u00e9gias de TI;<\/li><li>Avalia\u00e7\u00e3o e sugest\u00e3o de novas ferramentas e dispositivos;<\/li><li>Arquitetura de solu\u00e7\u00f5es;<\/li><li>Suporte em novas contrata\u00e7\u00f5es e renova\u00e7\u00e3o de licen\u00e7as.<\/li><\/ul>\t\t\t\t\t<\/div>\n\t\t\t\t\t\t<\/div>\n\t\t\t\t<\/div>\n\t\t\t\t\t\t<\/div>\n\t\t\t\t\t<\/div>\n\t\t<\/div>\n\t\t\t\t<div class=\"elementor-column elementor-col-50 elementor-top-column elementor-element elementor-element-d3b26bb\" data-id=\"d3b26bb\" data-element_type=\"column\">\n\t\t\t<div class=\"elementor-column-wrap\">\n\t\t\t\t\t\t\t<div class=\"elementor-widget-wrap\">\n\t\t\t\t\t\t\t\t<\/div>\n\t\t\t\t\t<\/div>\n\t\t<\/div>\n\t\t\t\t\t\t\t\t<\/div>\n\t\t\t\t\t<\/div>\n\t\t<\/section>\n\t\t\t\t\t\t<\/div>\n\t\t\t\t\t\t<\/div>\n\t\t\t\t\t<\/div>\n\t\t","protected":false},"excerpt":{"rendered":"<p>Solu\u00e7\u00f5es em infraestrutura de TI Conhe\u00e7a a MetalSoft IT Solutions Fundada em 2010 com o objetivo de complementar as demandas de infraestrutura de nossos clientes de software, a MetalSoft IT Solutions em pouco tempo supera-se, quando decidimos passar a ofertar ao mercado seus servi\u00e7os de qualidade na implementa\u00e7\u00e3o de solu\u00e7\u00f5es de TI e REDE. Com [&hellip;]<\/p>\n","protected":false},"author":1,"featured_media":0,"parent":0,"menu_order":0,"comment_status":"closed","ping_status":"closed","template":"fullwidth100.php","meta":[],"_links":{"self":[{"href":"https:\/\/metalsoft.com.br\/metalsoft\/wp-json\/wp\/v2\/pages\/268"}],"collection":[{"href":"https:\/\/metalsoft.com.br\/metalsoft\/wp-json\/wp\/v2\/pages"}],"about":[{"href":"https:\/\/metalsoft.com.br\/metalsoft\/wp-json\/wp\/v2\/types\/page"}],"author":[{"embeddable":true,"href":"https:\/\/metalsoft.com.br\/metalsoft\/wp-json\/wp\/v2\/users\/1"}],"replies":[{"embeddable":true,"href":"https:\/\/metalsoft.com.br\/metalsoft\/wp-json\/wp\/v2\/comments?post=268"}],"version-history":[{"count":14,"href":"https:\/\/metalsoft.com.br\/metalsoft\/wp-json\/wp\/v2\/pages\/268\/revisions"}],"predecessor-version":[{"id":491,"href":"https:\/\/metalsoft.com.br\/metalsoft\/wp-json\/wp\/v2\/pages\/268\/revisions\/491"}],"wp:attachment":[{"href":"https:\/\/metalsoft.com.br\/metalsoft\/wp-json\/wp\/v2\/media?parent=268"}],"curies":[{"name":"wp","href":"https:\/\/api.w.org\/{rel}","templated":true}]}}