{"id":272,"date":"2020-09-26T19:45:14","date_gmt":"2020-09-26T22:45:14","guid":{"rendered":"http:\/\/metalsoft.com.br\/?page_id=272"},"modified":"2021-05-10T18:11:42","modified_gmt":"2021-05-10T21:11:42","slug":"monitoramento-carvao","status":"publish","type":"page","link":"https:\/\/metalsoft.com.br\/metalsoft\/monitoramento-carvao\/","title":{"rendered":"Monitoramento de Carv\u00e3o"},"content":{"rendered":"\t\t<div data-elementor-type=\"wp-page\" data-elementor-id=\"272\" class=\"elementor elementor-272\" data-elementor-settings=\"[]\">\n\t\t\t\t\t\t<div class=\"elementor-inner\">\n\t\t\t\t\t\t\t<div class=\"elementor-section-wrap\">\n\t\t\t\t\t\t\t<section class=\"elementor-section elementor-top-section elementor-element elementor-element-315bfe5 elementor-section-boxed elementor-section-height-default elementor-section-height-default\" data-id=\"315bfe5\" data-element_type=\"section\" id=\"neti-monitoramentocarvao-section\">\n\t\t\t\t\t\t<div class=\"elementor-container elementor-column-gap-default\">\n\t\t\t\t\t\t\t<div class=\"elementor-row\">\n\t\t\t\t\t<div class=\"elementor-column elementor-col-50 elementor-top-column elementor-element elementor-element-b8ba222\" data-id=\"b8ba222\" data-element_type=\"column\">\n\t\t\t<div class=\"elementor-column-wrap elementor-element-populated\">\n\t\t\t\t\t\t\t<div class=\"elementor-widget-wrap\">\n\t\t\t\t\t\t<div class=\"elementor-element elementor-element-d16ed8b hr-pre-title elementor-widget-divider--view-line elementor-widget elementor-widget-divider\" data-id=\"d16ed8b\" data-element_type=\"widget\" data-widget_type=\"divider.default\">\n\t\t\t\t<div class=\"elementor-widget-container\">\n\t\t\t\t\t<div class=\"elementor-divider\">\n\t\t\t<span class=\"elementor-divider-separator\">\n\t\t\t\t\t\t<\/span>\n\t\t<\/div>\n\t\t\t\t<\/div>\n\t\t\t\t<\/div>\n\t\t\t\t<div class=\"elementor-element elementor-element-5e00176 pre-title elementor-widget elementor-widget-text-editor\" data-id=\"5e00176\" data-element_type=\"widget\" data-widget_type=\"text-editor.default\">\n\t\t\t\t<div class=\"elementor-widget-container\">\n\t\t\t\t\t\t\t\t<div class=\"elementor-text-editor elementor-clearfix\">\n\t\t\t\t\t<p>MONITORAMENTO SEGURO E AUTOMATIZADO<\/p>\t\t\t\t\t<\/div>\n\t\t\t\t\t\t<\/div>\n\t\t\t\t<\/div>\n\t\t\t\t<div class=\"elementor-element elementor-element-fdc197e elementor-widget elementor-widget-heading\" data-id=\"fdc197e\" data-element_type=\"widget\" data-widget_type=\"heading.default\">\n\t\t\t\t<div class=\"elementor-widget-container\">\n\t\t\t<h1 class=\"elementor-heading-title elementor-size-default\">Monitoramento da Descarga de Carv\u00e3o<\/h1>\t\t<\/div>\n\t\t\t\t<\/div>\n\t\t\t\t<div class=\"elementor-element elementor-element-948c306 elementor-widget elementor-widget-text-editor\" data-id=\"948c306\" data-element_type=\"widget\" data-widget_type=\"text-editor.default\">\n\t\t\t\t<div class=\"elementor-widget-container\">\n\t\t\t\t\t\t\t\t<div class=\"elementor-text-editor elementor-clearfix\">\n\t\t\t\t\t<p><em><strong>Voc\u00ea gostaria de ter seguran\u00e7a absoluta sobre seus processos de compra e recebimento de carv\u00e3o?<\/strong><\/em><\/p>\n<p><strong>Conhe\u00e7a o nosso Monitoramento de Descarga de Carv\u00e3o<\/strong>: um sistema in\u00e9dito no Setor de Ferro Gusa, constitu\u00eddo com a mais alta tecnologia de v\u00eddeo an\u00e1lise e ado\u00e7\u00e3o de intelig\u00eancia artificial. Nosso prop\u00f3sito \u00e9 proporcionar-lhe o dom\u00ednio efetivo sobre um de seus processos mais vulner\u00e1veis, a descarga de carv\u00e3o, atividade respons\u00e1vel pela movimenta\u00e7\u00e3o e pagamento da mat\u00e9ria-prima com maior participa\u00e7\u00e3o no custo final do produto acabado.<\/p>\t\t\t\t\t<\/div>\n\t\t\t\t\t\t<\/div>\n\t\t\t\t<\/div>\n\t\t\t\t\t\t<\/div>\n\t\t\t\t\t<\/div>\n\t\t<\/div>\n\t\t\t\t<div class=\"elementor-column elementor-col-50 elementor-top-column elementor-element elementor-element-51991db\" data-id=\"51991db\" data-element_type=\"column\">\n\t\t\t<div class=\"elementor-column-wrap elementor-element-populated\">\n\t\t\t\t\t\t\t<div class=\"elementor-widget-wrap\">\n\t\t\t\t\t\t<div class=\"elementor-element elementor-element-3150bee elementor-aspect-ratio-169 elementor-widget elementor-widget-video\" data-id=\"3150bee\" data-element_type=\"widget\" data-settings=\"{&quot;youtube_url&quot;:&quot;https:\\\/\\\/www.youtube.com\\\/watch?v=eyEDiurP9_c&quot;,&quot;video_type&quot;:&quot;youtube&quot;,&quot;controls&quot;:&quot;yes&quot;,&quot;aspect_ratio&quot;:&quot;169&quot;}\" data-widget_type=\"video.default\">\n\t\t\t\t<div class=\"elementor-widget-container\">\n\t\t\t\t\t<div class=\"elementor-wrapper elementor-fit-aspect-ratio elementor-open-inline\">\n\t\t\t<div class=\"elementor-video\"><\/div>\t\t<\/div>\n\t\t\t\t<\/div>\n\t\t\t\t<\/div>\n\t\t\t\t\t\t<\/div>\n\t\t\t\t\t<\/div>\n\t\t<\/div>\n\t\t\t\t\t\t\t\t<\/div>\n\t\t\t\t\t<\/div>\n\t\t<\/section>\n\t\t\t\t<section class=\"elementor-section elementor-top-section elementor-element elementor-element-6876032 box-monitoramento elementor-section-boxed elementor-section-height-default elementor-section-height-default\" data-id=\"6876032\" data-element_type=\"section\">\n\t\t\t\t\t\t<div class=\"elementor-container elementor-column-gap-default\">\n\t\t\t\t\t\t\t<div class=\"elementor-row\">\n\t\t\t\t\t<div class=\"elementor-column elementor-col-100 elementor-top-column elementor-element elementor-element-d3c2030\" data-id=\"d3c2030\" data-element_type=\"column\">\n\t\t\t<div class=\"elementor-column-wrap elementor-element-populated\">\n\t\t\t\t\t\t\t<div class=\"elementor-widget-wrap\">\n\t\t\t\t\t\t<div class=\"elementor-element elementor-element-a8929ad elementor-widget elementor-widget-heading\" data-id=\"a8929ad\" data-element_type=\"widget\" data-widget_type=\"heading.default\">\n\t\t\t\t<div class=\"elementor-widget-container\">\n\t\t\t<h3 class=\"elementor-heading-title elementor-size-default\">Benef\u00edcios do Monitoramento de Carv\u00e3o:<\/h3>\t\t<\/div>\n\t\t\t\t<\/div>\n\t\t\t\t<div class=\"elementor-element elementor-element-8a82aab elementor-widget elementor-widget-text-editor\" data-id=\"8a82aab\" data-element_type=\"widget\" data-widget_type=\"text-editor.default\">\n\t\t\t\t<div class=\"elementor-widget-container\">\n\t\t\t\t\t\t\t\t<div class=\"elementor-text-editor elementor-clearfix\">\n\t\t\t\t\t<ul><li>Seguran\u00e7a na contagem de carrinhos ou caixotes;<\/li><li>Seguran\u00e7a na identifica\u00e7\u00e3o do preenchimento dos carrinhos ou caixotes;<\/li><li>Mais automatiza\u00e7\u00e3o dos processos do recebimento de carv\u00e3o, tornando-os independentes da opera\u00e7\u00e3o humana, reduzindo erros e inibindo fraudes;<\/li><li>Valida\u00e7\u00e3o e certifica\u00e7\u00e3o dos dados da descarga obtidos eletronicamente por equipe de monitoramento;<\/li><li>Maior efic\u00e1cia operacional atrav\u00e9s de uma automa\u00e7\u00e3o especialista e totalmente integrada ao ERP;<\/li><li>Gera\u00e7\u00e3o de alarmes em caso de irregularidades detectadas;<\/li><li>Integra\u00e7\u00e3o com o sistema, bloqueando os pagamentos com alarmes;<\/li><li>Possibilidade de acesso \u00e0s imagens dos pontos adversos das descargas que apresentem irregularidades;<\/li><li>Agiliza\u00e7\u00e3o e normatiza\u00e7\u00e3o dos processos relativos ao recebimento e pagamento do carv\u00e3o;<\/li><li>Possibilidade de auditoria das informa\u00e7\u00f5es da descarga;<\/li><li>Projeto de investimento baixo, implanta\u00e7\u00e3o \u00e1gil e retorno expressivo e imediato.<\/li><\/ul>\t\t\t\t\t<\/div>\n\t\t\t\t\t\t<\/div>\n\t\t\t\t<\/div>\n\t\t\t\t\t\t<\/div>\n\t\t\t\t\t<\/div>\n\t\t<\/div>\n\t\t\t\t\t\t\t\t<\/div>\n\t\t\t\t\t<\/div>\n\t\t<\/section>\n\t\t\t\t\t\t<\/div>\n\t\t\t\t\t\t<\/div>\n\t\t\t\t\t<\/div>\n\t\t","protected":false},"excerpt":{"rendered":"<p>MONITORAMENTO SEGURO E AUTOMATIZADO Monitoramento da Descarga de Carv\u00e3o Voc\u00ea gostaria de ter seguran\u00e7a absoluta sobre seus processos de compra e recebimento de carv\u00e3o? Conhe\u00e7a o nosso Monitoramento de Descarga de Carv\u00e3o: um sistema in\u00e9dito no Setor de Ferro Gusa, constitu\u00eddo com a mais alta tecnologia de v\u00eddeo an\u00e1lise e ado\u00e7\u00e3o de intelig\u00eancia artificial. Nosso [&hellip;]<\/p>\n","protected":false},"author":1,"featured_media":0,"parent":0,"menu_order":0,"comment_status":"closed","ping_status":"closed","template":"fullwidth100.php","meta":[],"_links":{"self":[{"href":"https:\/\/metalsoft.com.br\/metalsoft\/wp-json\/wp\/v2\/pages\/272"}],"collection":[{"href":"https:\/\/metalsoft.com.br\/metalsoft\/wp-json\/wp\/v2\/pages"}],"about":[{"href":"https:\/\/metalsoft.com.br\/metalsoft\/wp-json\/wp\/v2\/types\/page"}],"author":[{"embeddable":true,"href":"https:\/\/metalsoft.com.br\/metalsoft\/wp-json\/wp\/v2\/users\/1"}],"replies":[{"embeddable":true,"href":"https:\/\/metalsoft.com.br\/metalsoft\/wp-json\/wp\/v2\/comments?post=272"}],"version-history":[{"count":20,"href":"https:\/\/metalsoft.com.br\/metalsoft\/wp-json\/wp\/v2\/pages\/272\/revisions"}],"predecessor-version":[{"id":603,"href":"https:\/\/metalsoft.com.br\/metalsoft\/wp-json\/wp\/v2\/pages\/272\/revisions\/603"}],"wp:attachment":[{"href":"https:\/\/metalsoft.com.br\/metalsoft\/wp-json\/wp\/v2\/media?parent=272"}],"curies":[{"name":"wp","href":"https:\/\/api.w.org\/{rel}","templated":true}]}}