{"id":49,"date":"2020-09-08T23:25:55","date_gmt":"2020-09-09T02:25:55","guid":{"rendered":"http:\/\/metalsoft.com.br\/?page_id=49"},"modified":"2021-02-16T20:42:25","modified_gmt":"2021-02-16T23:42:25","slug":"sobre-a-metalsoft","status":"publish","type":"page","link":"https:\/\/metalsoft.com.br\/metalsoft\/sobre-a-metalsoft\/","title":{"rendered":"Sobre a Metalsoft"},"content":{"rendered":"\t\t<div data-elementor-type=\"wp-page\" data-elementor-id=\"49\" class=\"elementor elementor-49\" data-elementor-settings=\"[]\">\n\t\t\t\t\t\t<div class=\"elementor-inner\">\n\t\t\t\t\t\t\t<div class=\"elementor-section-wrap\">\n\t\t\t\t\t\t\t<section class=\"elementor-section elementor-top-section elementor-element elementor-element-dba3e40 elementor-section-boxed elementor-section-height-default elementor-section-height-default\" data-id=\"dba3e40\" data-element_type=\"section\">\n\t\t\t\t\t\t<div class=\"elementor-container elementor-column-gap-default\">\n\t\t\t\t\t\t\t<div class=\"elementor-row\">\n\t\t\t\t\t<div class=\"elementor-column elementor-col-100 elementor-top-column elementor-element elementor-element-ec39507\" data-id=\"ec39507\" data-element_type=\"column\">\n\t\t\t<div class=\"elementor-column-wrap elementor-element-populated\">\n\t\t\t\t\t\t\t<div class=\"elementor-widget-wrap\">\n\t\t\t\t\t\t<div class=\"elementor-element elementor-element-d5ee0e3 hr-pre-title elementor-widget-divider--view-line elementor-widget elementor-widget-divider\" data-id=\"d5ee0e3\" data-element_type=\"widget\" data-widget_type=\"divider.default\">\n\t\t\t\t<div class=\"elementor-widget-container\">\n\t\t\t\t\t<div class=\"elementor-divider\">\n\t\t\t<span class=\"elementor-divider-separator\">\n\t\t\t\t\t\t<\/span>\n\t\t<\/div>\n\t\t\t\t<\/div>\n\t\t\t\t<\/div>\n\t\t\t\t<div class=\"elementor-element elementor-element-898c63d pre-title elementor-widget elementor-widget-text-editor\" data-id=\"898c63d\" data-element_type=\"widget\" data-widget_type=\"text-editor.default\">\n\t\t\t\t<div class=\"elementor-widget-container\">\n\t\t\t\t\t\t\t\t<div class=\"elementor-text-editor elementor-clearfix\">\n\t\t\t\t\t<p>Sobre n\u00f3s<\/p>\t\t\t\t\t<\/div>\n\t\t\t\t\t\t<\/div>\n\t\t\t\t<\/div>\n\t\t\t\t<div class=\"elementor-element elementor-element-f13c835 elementor-widget elementor-widget-heading\" data-id=\"f13c835\" data-element_type=\"widget\" data-widget_type=\"heading.default\">\n\t\t\t\t<div class=\"elementor-widget-container\">\n\t\t\t<h1 class=\"elementor-heading-title elementor-size-default\">Conhe\u00e7a a Metalsoft<\/h1>\t\t<\/div>\n\t\t\t\t<\/div>\n\t\t\t\t\t\t<\/div>\n\t\t\t\t\t<\/div>\n\t\t<\/div>\n\t\t\t\t\t\t\t\t<\/div>\n\t\t\t\t\t<\/div>\n\t\t<\/section>\n\t\t\t\t<section class=\"elementor-section elementor-top-section elementor-element elementor-element-babc40e elementor-section-boxed elementor-section-height-default elementor-section-height-default\" data-id=\"babc40e\" data-element_type=\"section\">\n\t\t\t\t\t\t<div class=\"elementor-container elementor-column-gap-default\">\n\t\t\t\t\t\t\t<div class=\"elementor-row\">\n\t\t\t\t\t<div class=\"elementor-column elementor-col-50 elementor-top-column elementor-element elementor-element-789585f\" data-id=\"789585f\" data-element_type=\"column\">\n\t\t\t<div class=\"elementor-column-wrap elementor-element-populated\">\n\t\t\t\t\t\t\t<div class=\"elementor-widget-wrap\">\n\t\t\t\t\t\t<div class=\"elementor-element elementor-element-42de9e7 elementor-widget elementor-widget-text-editor\" data-id=\"42de9e7\" data-element_type=\"widget\" data-widget_type=\"text-editor.default\">\n\t\t\t\t<div class=\"elementor-widget-container\">\n\t\t\t\t\t\t\t\t<div class=\"elementor-text-editor elementor-clearfix\">\n\t\t\t\t\t<p>A Metalsoft \u00e9 especializada em oferecer <strong>solu\u00e7\u00f5es na \u00e1rea de sistemas de informa\u00e7\u00e3o para as diversas necessidades corporativas<\/strong> de pequenas, m\u00e9dias e grandes empresas.<\/p><p>A principal \u00e1rea de atua\u00e7\u00e3o da empresa \u00e9 a <strong>implementa\u00e7\u00e3o e suporte a sistemas integrados de gest\u00e3o empresarial<\/strong>, oferecendo um <strong>ERP pr\u00f3prio<\/strong> e especializado em processos de segmentos como siderurgia, per\u00edcia m\u00e9dica, loteamentos e gest\u00e3o corporativa.<\/p>\t\t\t\t\t<\/div>\n\t\t\t\t\t\t<\/div>\n\t\t\t\t<\/div>\n\t\t\t\t\t\t<\/div>\n\t\t\t\t\t<\/div>\n\t\t<\/div>\n\t\t\t\t<div class=\"elementor-column elementor-col-50 elementor-top-column elementor-element elementor-element-b73434e\" data-id=\"b73434e\" data-element_type=\"column\">\n\t\t\t<div class=\"elementor-column-wrap elementor-element-populated\">\n\t\t\t\t\t\t\t<div class=\"elementor-widget-wrap\">\n\t\t\t\t\t\t<div class=\"elementor-element elementor-element-7fd0140 elementor-widget elementor-widget-text-editor\" data-id=\"7fd0140\" data-element_type=\"widget\" data-widget_type=\"text-editor.default\">\n\t\t\t\t<div class=\"elementor-widget-container\">\n\t\t\t\t\t\t\t\t<div class=\"elementor-text-editor elementor-clearfix\">\n\t\t\t\t\t<p>Buscando a satisfa\u00e7\u00e3o plena dos clientes em todas suas necessidades na \u00e1rea de tecnologia, a METALSOFT, para garantir suporte em toda a cadeia de produtos de TI, tamb\u00e9m atua com uma unidade destinada a projetos e servi\u00e7os de infraestrutura.<\/p><p><strong>Com mais de 24 anos de hist\u00f3ria e atua\u00e7\u00e3o em todo o Brasil<\/strong>, a Metalsoft \u00e9 o resultado da experi\u00eancia do s\u00f3cio-diretor Francisco C\u00e9sar Moreira Salles que j\u00e1 est\u00e1 no mercado, como profissional do ramo, desde 1984.<\/p>\t\t\t\t\t<\/div>\n\t\t\t\t\t\t<\/div>\n\t\t\t\t<\/div>\n\t\t\t\t\t\t<\/div>\n\t\t\t\t\t<\/div>\n\t\t<\/div>\n\t\t\t\t\t\t\t\t<\/div>\n\t\t\t\t\t<\/div>\n\t\t<\/section>\n\t\t\t\t<section class=\"elementor-section elementor-top-section elementor-element elementor-element-d65d26c elementor-section-full_width differential-session elementor-section-height-default elementor-section-height-default\" data-id=\"d65d26c\" data-element_type=\"section\">\n\t\t\t\t\t\t<div class=\"elementor-container elementor-column-gap-default\">\n\t\t\t\t\t\t\t<div class=\"elementor-row\">\n\t\t\t\t\t<div class=\"elementor-column elementor-col-100 elementor-top-column elementor-element elementor-element-a86cc47\" data-id=\"a86cc47\" data-element_type=\"column\">\n\t\t\t<div class=\"elementor-column-wrap elementor-element-populated\">\n\t\t\t\t\t\t\t<div class=\"elementor-widget-wrap\">\n\t\t\t\t\t\t<div class=\"elementor-element elementor-element-a393532 elementor-widget elementor-widget-heading\" data-id=\"a393532\" data-element_type=\"widget\" data-widget_type=\"heading.default\">\n\t\t\t\t<div class=\"elementor-widget-container\">\n\t\t\t<h2 class=\"elementor-heading-title elementor-size-default\">Nossos Diferenciais<\/h2>\t\t<\/div>\n\t\t\t\t<\/div>\n\t\t\t\t<div class=\"elementor-element elementor-element-8719cd7 elementor-widget elementor-widget-html\" data-id=\"8719cd7\" data-element_type=\"widget\" data-widget_type=\"html.default\">\n\t\t\t\t<div class=\"elementor-widget-container\">\n\t\t\t<div class=\"differential-box\">\n    <img class=\"icon-differential\" src=\"..\/wp-content\/themes\/metalsoft\/img\/add_task-24px.svg\">\n    <h4>Experi\u00eancia<\/h4>\n    <p>Longa experi\u00eancia na implementa\u00e7\u00e3o de sistemas junto aos setores especialistas em que atua;<\/p>\n<\/div>\n<div class=\"differential-box\">\n    <img class=\"icon-differential\" src=\"..\/wp-content\/themes\/metalsoft\/img\/mark_chat_read-24px.svg\">\n    <h4>Filosofia \u201ctailor made\"<\/h4>\n    <p>Atua com processo \u00e1gil de desenvolvimento e\/ou customiza\u00e7\u00e3o de sistemas, assistindo o cliente em todas as etapas desde a conceitua\u00e7\u00e3o at\u00e9 a entrega do produto;<\/p>\n<\/div>\n<div class=\"differential-box\">\n    <img class=\"icon-differential\" src=\"..\/wp-content\/themes\/metalsoft\/img\/insights-24px.svg\">\n    <h4>Sistemas especializados<\/h4>\n    <p>Os produtos Metalsoft possuem funcionalidades avan\u00e7adas e altamente especialistas nos setores que atua, com conceitos validados e otimizados por anos de experi\u00eancia;<\/p>\n<\/div>\n<div class=\"differential-box\">\n    <img class=\"icon-differential\" src=\"..\/wp-content\/themes\/metalsoft\/img\/contact_phone-24px.svg\">\n    <h4>Suporte avan\u00e7ado<\/h4>\n    <p>Help Desk de alto n\u00edvel e disponibilidade para sustentar a estrutura de atendimento e suporte aos clientes;<\/p>\n<\/div>\n<div class=\"differential-box\">\n    <img class=\"icon-differential\" src=\"..\/wp-content\/themes\/metalsoft\/img\/verified_user-24px.svg\">\n    <h4>Melhores pr\u00e1ticas<\/h4>\n    <p>Atua com equipe de alto n\u00edvel e pr\u00e1ticas ditadas pela MPS-BR, proporcionando solu\u00e7\u00f5es \u00e1geis e assertivas;<\/p>\n<\/div>\n<div class=\"differential-box\">\n    <img class=\"icon-differential\" src=\"..\/wp-content\/themes\/metalsoft\/img\/trending_up-24px.svg\">\n    <h4>Foco no resultado<\/h4>\n    <p>Comprometimento total com os resultados desejados no processo de informatiza\u00e7\u00e3o do cliente;<\/p>\n<\/div>\t\t<\/div>\n\t\t\t\t<\/div>\n\t\t\t\t\t\t<\/div>\n\t\t\t\t\t<\/div>\n\t\t<\/div>\n\t\t\t\t\t\t\t\t<\/div>\n\t\t\t\t\t<\/div>\n\t\t<\/section>\n\t\t\t\t<section class=\"elementor-section elementor-top-section elementor-element elementor-element-cb74d72 elementor-section-boxed elementor-section-height-default elementor-section-height-default\" data-id=\"cb74d72\" data-element_type=\"section\" id=\"mission-section\">\n\t\t\t\t\t\t<div class=\"elementor-container elementor-column-gap-default\">\n\t\t\t\t\t\t\t<div class=\"elementor-row\">\n\t\t\t\t\t<div class=\"elementor-column elementor-col-50 elementor-top-column elementor-element elementor-element-c142d3b\" data-id=\"c142d3b\" data-element_type=\"column\">\n\t\t\t<div class=\"elementor-column-wrap elementor-element-populated\">\n\t\t\t\t\t\t\t<div class=\"elementor-widget-wrap\">\n\t\t\t\t\t\t<div class=\"elementor-element elementor-element-d06617d elementor-widget elementor-widget-heading\" data-id=\"d06617d\" data-element_type=\"widget\" data-widget_type=\"heading.default\">\n\t\t\t\t<div class=\"elementor-widget-container\">\n\t\t\t<h3 class=\"elementor-heading-title elementor-size-default\">VIS\u00c3O<\/h3>\t\t<\/div>\n\t\t\t\t<\/div>\n\t\t\t\t<div class=\"elementor-element elementor-element-3263e39 elementor-widget elementor-widget-text-editor\" data-id=\"3263e39\" data-element_type=\"widget\" data-widget_type=\"text-editor.default\">\n\t\t\t\t<div class=\"elementor-widget-container\">\n\t\t\t\t\t\t\t\t<div class=\"elementor-text-editor elementor-clearfix\">\n\t\t\t\t\t<p class=\"MsoNormal\">\u201cSer uma excel\u00eancia de mercado em tecnologia, que transforma relacionamento em grandes resultados\u201d<\/p>\t\t\t\t\t<\/div>\n\t\t\t\t\t\t<\/div>\n\t\t\t\t<\/div>\n\t\t\t\t<div class=\"elementor-element elementor-element-940d36e elementor-widget elementor-widget-heading\" data-id=\"940d36e\" data-element_type=\"widget\" data-widget_type=\"heading.default\">\n\t\t\t\t<div class=\"elementor-widget-container\">\n\t\t\t<h3 class=\"elementor-heading-title elementor-size-default\">MISS\u00c3O<\/h3>\t\t<\/div>\n\t\t\t\t<\/div>\n\t\t\t\t<div class=\"elementor-element elementor-element-f53b1ca elementor-widget elementor-widget-text-editor\" data-id=\"f53b1ca\" data-element_type=\"widget\" data-widget_type=\"text-editor.default\">\n\t\t\t\t<div class=\"elementor-widget-container\">\n\t\t\t\t\t\t\t\t<div class=\"elementor-text-editor elementor-clearfix\">\n\t\t\t\t\t<p>\u201cOferecer tecnologia de ponta e talento humano aos clientes, com compromisso e qualidade, para uma gest\u00e3o competente e segura de seus neg\u00f3cios\u201d<\/p>\t\t\t\t\t<\/div>\n\t\t\t\t\t\t<\/div>\n\t\t\t\t<\/div>\n\t\t\t\t<div class=\"elementor-element elementor-element-f0b32b2 elementor-widget elementor-widget-heading\" data-id=\"f0b32b2\" data-element_type=\"widget\" data-widget_type=\"heading.default\">\n\t\t\t\t<div class=\"elementor-widget-container\">\n\t\t\t<h4 class=\"elementor-heading-title elementor-size-default\">VALORES<\/h4>\t\t<\/div>\n\t\t\t\t<\/div>\n\t\t\t\t<div class=\"elementor-element elementor-element-3f72247 elementor-widget elementor-widget-text-editor\" data-id=\"3f72247\" data-element_type=\"widget\" data-widget_type=\"text-editor.default\">\n\t\t\t\t<div class=\"elementor-widget-container\">\n\t\t\t\t\t\t\t\t<div class=\"elementor-text-editor elementor-clearfix\">\n\t\t\t\t\t<p>Qualidade<br \/>Compromisso<br \/>Pontualidade<br \/>Seguran\u00e7a<br \/>Honestidade<br \/>Respeito<\/p>\t\t\t\t\t<\/div>\n\t\t\t\t\t\t<\/div>\n\t\t\t\t<\/div>\n\t\t\t\t\t\t<\/div>\n\t\t\t\t\t<\/div>\n\t\t<\/div>\n\t\t\t\t<div class=\"elementor-column elementor-col-50 elementor-top-column elementor-element elementor-element-d7fd13b\" data-id=\"d7fd13b\" data-element_type=\"column\">\n\t\t\t<div class=\"elementor-column-wrap\">\n\t\t\t\t\t\t\t<div class=\"elementor-widget-wrap\">\n\t\t\t\t\t\t\t\t<\/div>\n\t\t\t\t\t<\/div>\n\t\t<\/div>\n\t\t\t\t\t\t\t\t<\/div>\n\t\t\t\t\t<\/div>\n\t\t<\/section>\n\t\t\t\t<section class=\"elementor-section elementor-top-section elementor-element elementor-element-854fa29 elementor-section-boxed elementor-section-height-default elementor-section-height-default\" data-id=\"854fa29\" data-element_type=\"section\" id=\"group-section\">\n\t\t\t\t\t\t<div class=\"elementor-container elementor-column-gap-default\">\n\t\t\t\t\t\t\t<div class=\"elementor-row\">\n\t\t\t\t\t<div class=\"elementor-column elementor-col-50 elementor-top-column elementor-element elementor-element-0445c37\" data-id=\"0445c37\" data-element_type=\"column\">\n\t\t\t<div class=\"elementor-column-wrap elementor-element-populated\">\n\t\t\t\t\t\t\t<div class=\"elementor-widget-wrap\">\n\t\t\t\t\t\t<div class=\"elementor-element elementor-element-ab5a2d3 elementor-invisible elementor-widget elementor-widget-image\" data-id=\"ab5a2d3\" data-element_type=\"widget\" data-settings=\"{&quot;_animation&quot;:&quot;fadeInLeft&quot;}\" data-widget_type=\"image.default\">\n\t\t\t\t<div class=\"elementor-widget-container\">\n\t\t\t\t\t\t\t\t<div class=\"elementor-image\">\n\t\t\t\t\t\t\t\t\t\t\t\t<img width=\"800\" height=\"600\" src=\"https:\/\/metalsoft.com.br\/metalsoft\/wp-content\/uploads\/2021\/02\/grupo-metalsoft.png\" class=\"attachment-large size-large\" alt=\"Grupo Metalsoft\" loading=\"lazy\" srcset=\"https:\/\/metalsoft.com.br\/metalsoft\/wp-content\/uploads\/2021\/02\/grupo-metalsoft.png 800w, https:\/\/metalsoft.com.br\/metalsoft\/wp-content\/uploads\/2021\/02\/grupo-metalsoft-300x225.png 300w, https:\/\/metalsoft.com.br\/metalsoft\/wp-content\/uploads\/2021\/02\/grupo-metalsoft-768x576.png 768w\" sizes=\"(max-width: 800px) 100vw, 800px\" \/>\t\t\t\t\t\t\t\t\t\t\t\t\t\t<\/div>\n\t\t\t\t\t\t<\/div>\n\t\t\t\t<\/div>\n\t\t\t\t\t\t<\/div>\n\t\t\t\t\t<\/div>\n\t\t<\/div>\n\t\t\t\t<div class=\"elementor-column elementor-col-50 elementor-top-column elementor-element elementor-element-fa2910f\" data-id=\"fa2910f\" data-element_type=\"column\">\n\t\t\t<div class=\"elementor-column-wrap elementor-element-populated\">\n\t\t\t\t\t\t\t<div class=\"elementor-widget-wrap\">\n\t\t\t\t\t\t<div class=\"elementor-element elementor-element-48cfe7a hr-pre-title elementor-widget-divider--view-line elementor-widget elementor-widget-divider\" data-id=\"48cfe7a\" data-element_type=\"widget\" data-widget_type=\"divider.default\">\n\t\t\t\t<div class=\"elementor-widget-container\">\n\t\t\t\t\t<div class=\"elementor-divider\">\n\t\t\t<span class=\"elementor-divider-separator\">\n\t\t\t\t\t\t<\/span>\n\t\t<\/div>\n\t\t\t\t<\/div>\n\t\t\t\t<\/div>\n\t\t\t\t<div class=\"elementor-element elementor-element-cde40bc pre-title elementor-widget elementor-widget-text-editor\" data-id=\"cde40bc\" data-element_type=\"widget\" data-widget_type=\"text-editor.default\">\n\t\t\t\t<div class=\"elementor-widget-container\">\n\t\t\t\t\t\t\t\t<div class=\"elementor-text-editor elementor-clearfix\">\n\t\t\t\t\t<p>Juntos somos mais!<\/p>\t\t\t\t\t<\/div>\n\t\t\t\t\t\t<\/div>\n\t\t\t\t<\/div>\n\t\t\t\t<div class=\"elementor-element elementor-element-6171c73 elementor-widget elementor-widget-heading\" data-id=\"6171c73\" data-element_type=\"widget\" data-widget_type=\"heading.default\">\n\t\t\t\t<div class=\"elementor-widget-container\">\n\t\t\t<h2 class=\"elementor-heading-title elementor-size-default\">Nossas Unidades<\/h2>\t\t<\/div>\n\t\t\t\t<\/div>\n\t\t\t\t<div class=\"elementor-element elementor-element-58439fb elementor-widget elementor-widget-text-editor\" data-id=\"58439fb\" data-element_type=\"widget\" data-widget_type=\"text-editor.default\">\n\t\t\t\t<div class=\"elementor-widget-container\">\n\t\t\t\t\t\t\t\t<div class=\"elementor-text-editor elementor-clearfix\">\n\t\t\t\t\t<p>Tendo como foco a excel\u00eancia em servi\u00e7os de Tecnologia da Informa\u00e7\u00e3o, o <strong>Grupo Metalsoft sai na frente de outras empresas<\/strong> quando se trata de inova\u00e7\u00e3o tecnol\u00f3gica, rigor t\u00e9cnico, qualifica\u00e7\u00e3o profissional e senioridade dos executivos. Ao longo de mais de 24 anos, vivenciamos diversos projetos e desafios que consolidaram a nossa experi\u00eancia na \u00e1rea de sistemas, tecnologia da informa\u00e7\u00e3o e consultoria. O Grupo Metalsoft converge as vis\u00f5es de futuro de um quadro de executivos apaixonados pelo que fazem, sempre em busca da excel\u00eancia, compartilhando experi\u00eancias bem sucedidas em \u00e1reas distintas e complementares.<\/p><p>Compromissado em retornar o valor investido pelos clientes em projetos de TI, o <strong>Grupo Metalsoft<\/strong> \u00e9 resultado da for\u00e7a conjunta das empresas <strong>Metalsoft, MS IT Solutions<\/strong> e <strong>\u00c1BAX Consultoria e Sistemas<\/strong>.<\/p>\t\t\t\t\t<\/div>\n\t\t\t\t\t\t<\/div>\n\t\t\t\t<\/div>\n\t\t\t\t\t\t<\/div>\n\t\t\t\t\t<\/div>\n\t\t<\/div>\n\t\t\t\t\t\t\t\t<\/div>\n\t\t\t\t\t<\/div>\n\t\t<\/section>\n\t\t\t\t\t\t<\/div>\n\t\t\t\t\t\t<\/div>\n\t\t\t\t\t<\/div>\n\t\t","protected":false},"excerpt":{"rendered":"<p>Sobre n\u00f3s Conhe\u00e7a a Metalsoft A Metalsoft \u00e9 especializada em oferecer solu\u00e7\u00f5es na \u00e1rea de sistemas de informa\u00e7\u00e3o para as diversas necessidades corporativas de pequenas, m\u00e9dias e grandes empresas. A principal \u00e1rea de atua\u00e7\u00e3o da empresa \u00e9 a implementa\u00e7\u00e3o e suporte a sistemas integrados de gest\u00e3o empresarial, oferecendo um ERP pr\u00f3prio e especializado em processos [&hellip;]<\/p>\n","protected":false},"author":1,"featured_media":0,"parent":0,"menu_order":0,"comment_status":"closed","ping_status":"closed","template":"fullwidth100.php","meta":[],"_links":{"self":[{"href":"https:\/\/metalsoft.com.br\/metalsoft\/wp-json\/wp\/v2\/pages\/49"}],"collection":[{"href":"https:\/\/metalsoft.com.br\/metalsoft\/wp-json\/wp\/v2\/pages"}],"about":[{"href":"https:\/\/metalsoft.com.br\/metalsoft\/wp-json\/wp\/v2\/types\/page"}],"author":[{"embeddable":true,"href":"https:\/\/metalsoft.com.br\/metalsoft\/wp-json\/wp\/v2\/users\/1"}],"replies":[{"embeddable":true,"href":"https:\/\/metalsoft.com.br\/metalsoft\/wp-json\/wp\/v2\/comments?post=49"}],"version-history":[{"count":35,"href":"https:\/\/metalsoft.com.br\/metalsoft\/wp-json\/wp\/v2\/pages\/49\/revisions"}],"predecessor-version":[{"id":487,"href":"https:\/\/metalsoft.com.br\/metalsoft\/wp-json\/wp\/v2\/pages\/49\/revisions\/487"}],"wp:attachment":[{"href":"https:\/\/metalsoft.com.br\/metalsoft\/wp-json\/wp\/v2\/media?parent=49"}],"curies":[{"name":"wp","href":"https:\/\/api.w.org\/{rel}","templated":true}]}}